{"id":40,"date":"2021-05-17T16:23:08","date_gmt":"2021-05-17T14:23:08","guid":{"rendered":"https:\/\/lesseigneursdescimes.escalade-normandie.com\/?page_id=40"},"modified":"2024-07-30T19:05:55","modified_gmt":"2024-07-30T17:05:55","slug":"bienvenue","status":"publish","type":"page","link":"https:\/\/lesseigneursdescimes.escalade-normandie.com\/index.php\/bienvenue\/","title":{"rendered":"Son histoire"},"content":{"rendered":"\t\t<div data-elementor-type=\"wp-page\" data-elementor-id=\"40\" class=\"elementor elementor-40\">\n\t\t\t\t\t\t<section class=\"elementor-section elementor-top-section elementor-element elementor-element-51b32f0 elementor-section-boxed elementor-section-height-default elementor-section-height-default\" data-id=\"51b32f0\" data-element_type=\"section\">\n\t\t\t\t\t\t<div class=\"elementor-container elementor-column-gap-default\">\n\t\t\t\t\t<div class=\"elementor-column elementor-col-100 elementor-top-column elementor-element elementor-element-3f0dc8f\" data-id=\"3f0dc8f\" data-element_type=\"column\">\n\t\t\t<div class=\"elementor-widget-wrap elementor-element-populated\">\n\t\t\t\t\t\t<div class=\"elementor-element elementor-element-30b6be8 elementor-widget elementor-widget-heading\" data-id=\"30b6be8\" data-element_type=\"widget\" data-widget_type=\"heading.default\">\n\t\t\t\t<div class=\"elementor-widget-container\">\n\t\t\t\t\t<h2 class=\"elementor-heading-title elementor-size-large\">Son histoire<\/h2>\t\t\t\t<\/div>\n\t\t\t\t<\/div>\n\t\t\t\t\t<\/div>\n\t\t<\/div>\n\t\t\t\t\t<\/div>\n\t\t<\/section>\n\t\t\t\t<section class=\"elementor-section elementor-top-section elementor-element elementor-element-0aa3492 elementor-section-boxed elementor-section-height-default elementor-section-height-default\" data-id=\"0aa3492\" data-element_type=\"section\">\n\t\t\t\t\t\t<div class=\"elementor-container elementor-column-gap-default\">\n\t\t\t\t\t<div class=\"elementor-column elementor-col-50 elementor-top-column elementor-element elementor-element-4f76889\" data-id=\"4f76889\" data-element_type=\"column\">\n\t\t\t<div class=\"elementor-widget-wrap elementor-element-populated\">\n\t\t\t\t\t\t<div class=\"elementor-element elementor-element-03a83fe elementor-widget elementor-widget-text-editor\" data-id=\"03a83fe\" data-element_type=\"widget\" data-widget_type=\"text-editor.default\">\n\t\t\t\t<div class=\"elementor-widget-container\">\n\t\t\t\t\t\t\t\t\t<p>Le club a \u00e9t\u00e9 cr\u00e9\u00e9 en juillet 2005.&nbsp;<\/p>\n<p>L&rsquo;escalade est un sport qui consiste \u00e0 grimper contre une paroi pour atteindre le haut d&rsquo;un mur ou d&rsquo;une Structure Artificielle d&rsquo;Escalade appel\u00e9 \u00ab\u00a0S.A.E\u00a0\u00bb par des cheminements repr\u00e9sent\u00e9es par des prises appel\u00e9 voie de difficult\u00e9.&nbsp;<\/p>\n<p>Il existe trois cat\u00e9gories lors d&rsquo;une pratique en escalade qui sont : la vitesse, la difficult\u00e9 et le bloc.&nbsp;<\/p>\t\t\t\t\t\t\t\t<\/div>\n\t\t\t\t<\/div>\n\t\t\t\t\t<\/div>\n\t\t<\/div>\n\t\t\t\t<div class=\"elementor-column elementor-col-50 elementor-top-column elementor-element elementor-element-c8537f6\" data-id=\"c8537f6\" data-element_type=\"column\">\n\t\t\t<div class=\"elementor-widget-wrap elementor-element-populated\">\n\t\t\t\t\t\t<div class=\"elementor-element elementor-element-0629c1b elementor-widget elementor-widget-text-editor\" data-id=\"0629c1b\" data-element_type=\"widget\" data-widget_type=\"text-editor.default\">\n\t\t\t\t<div class=\"elementor-widget-container\">\n\t\t\t\t\t\t\t\t\t<p style=\"caret-color: #000000; color: #000000;\">Depuis octobre 2020, le club a \u00e9t\u00e9 repris par Kelly Sentune, ancienne tr\u00e9sori\u00e8re du club depuis 2014, qui a d\u00e9cid\u00e9 de prendre le taureau par les cornes afin de le garder en place pour le bien des licenci\u00e9s actuels et nouveaux qui rejoignent le club.\u00a0<\/p><p style=\"caret-color: #000000; color: #000000;\">Nous accueillons \u00e0 partir de 6 ans.\u00a0<\/p>\t\t\t\t\t\t\t\t<\/div>\n\t\t\t\t<\/div>\n\t\t\t\t\t<\/div>\n\t\t<\/div>\n\t\t\t\t\t<\/div>\n\t\t<\/section>\n\t\t\t\t<\/div>\n\t\t","protected":false},"excerpt":{"rendered":"<p>Son histoire Le club a \u00e9t\u00e9 cr\u00e9\u00e9 en juillet 2005.&nbsp; L&rsquo;escalade est un sport qui consiste \u00e0 grimper contre une paroi pour atteindre le haut d&rsquo;un mur ou d&rsquo;une Structure Artificielle d&rsquo;Escalade appel\u00e9 \u00ab\u00a0S.A.E\u00a0\u00bb par des cheminements repr\u00e9sent\u00e9es par des prises appel\u00e9 voie de difficult\u00e9.&nbsp; Il existe trois cat\u00e9gories lors d&rsquo;une pratique en escalade qui sont : la vitesse, la [&hellip;]<\/p>\n","protected":false},"author":3,"featured_media":1691,"parent":0,"menu_order":0,"comment_status":"closed","ping_status":"closed","template":"page-templates\/full-width-container.php","meta":{"footnotes":""},"categories":[],"tags":[],"class_list":["post-40","page","type-page","status-publish","has-post-thumbnail","hentry"],"aioseo_notices":[],"_links":{"self":[{"href":"https:\/\/lesseigneursdescimes.escalade-normandie.com\/index.php\/wp-json\/wp\/v2\/pages\/40","targetHints":{"allow":["GET"]}}],"collection":[{"href":"https:\/\/lesseigneursdescimes.escalade-normandie.com\/index.php\/wp-json\/wp\/v2\/pages"}],"about":[{"href":"https:\/\/lesseigneursdescimes.escalade-normandie.com\/index.php\/wp-json\/wp\/v2\/types\/page"}],"author":[{"embeddable":true,"href":"https:\/\/lesseigneursdescimes.escalade-normandie.com\/index.php\/wp-json\/wp\/v2\/users\/3"}],"replies":[{"embeddable":true,"href":"https:\/\/lesseigneursdescimes.escalade-normandie.com\/index.php\/wp-json\/wp\/v2\/comments?post=40"}],"version-history":[{"count":25,"href":"https:\/\/lesseigneursdescimes.escalade-normandie.com\/index.php\/wp-json\/wp\/v2\/pages\/40\/revisions"}],"predecessor-version":[{"id":2422,"href":"https:\/\/lesseigneursdescimes.escalade-normandie.com\/index.php\/wp-json\/wp\/v2\/pages\/40\/revisions\/2422"}],"wp:featuredmedia":[{"embeddable":true,"href":"https:\/\/lesseigneursdescimes.escalade-normandie.com\/index.php\/wp-json\/wp\/v2\/media\/1691"}],"wp:attachment":[{"href":"https:\/\/lesseigneursdescimes.escalade-normandie.com\/index.php\/wp-json\/wp\/v2\/media?parent=40"}],"wp:term":[{"taxonomy":"category","embeddable":true,"href":"https:\/\/lesseigneursdescimes.escalade-normandie.com\/index.php\/wp-json\/wp\/v2\/categories?post=40"},{"taxonomy":"post_tag","embeddable":true,"href":"https:\/\/lesseigneursdescimes.escalade-normandie.com\/index.php\/wp-json\/wp\/v2\/tags?post=40"}],"curies":[{"name":"wp","href":"https:\/\/api.w.org\/{rel}","templated":true}]}}