{"id":3074,"date":"2025-03-09T11:58:49","date_gmt":"2025-03-09T10:58:49","guid":{"rendered":"https:\/\/lesseigneursdescimes.escalade-normandie.com\/?page_id=3074"},"modified":"2025-03-09T12:28:35","modified_gmt":"2025-03-09T11:28:35","slug":"boutique","status":"publish","type":"page","link":"https:\/\/lesseigneursdescimes.escalade-normandie.com\/index.php\/boutique\/","title":{"rendered":"V\u00eatements"},"content":{"rendered":"\t\t<div data-elementor-type=\"wp-page\" data-elementor-id=\"3074\" class=\"elementor elementor-3074\">\n\t\t\t\t\t\t<section class=\"elementor-section elementor-top-section elementor-element elementor-element-a44b612 elementor-section-boxed elementor-section-height-default elementor-section-height-default\" data-id=\"a44b612\" data-element_type=\"section\">\n\t\t\t\t\t\t<div class=\"elementor-container elementor-column-gap-default\">\n\t\t\t\t\t<div class=\"elementor-column elementor-col-50 elementor-top-column elementor-element elementor-element-6e9b64e\" data-id=\"6e9b64e\" data-element_type=\"column\">\n\t\t\t<div class=\"elementor-widget-wrap elementor-element-populated\">\n\t\t\t\t\t\t<div class=\"elementor-element elementor-element-31da5da elementor-widget__width-initial elementor-widget elementor-widget-image\" data-id=\"31da5da\" data-element_type=\"widget\" data-widget_type=\"image.default\">\n\t\t\t\t<div class=\"elementor-widget-container\">\n\t\t\t\t\t\t\t\t\t\t\t\t<figure class=\"wp-caption\">\n\t\t\t\t\t\t\t\t\t\t<img decoding=\"async\" width=\"150\" height=\"150\" src=\"https:\/\/lesseigneursdescimes.escalade-normandie.com\/wp-content\/uploads\/2025\/02\/Capture-decran-2025-02-24-a-13.20.53-150x150.png\" class=\"attachment-thumbnail size-thumbnail wp-image-3082\" alt=\"\" \/>\t\t\t\t\t\t\t\t\t\t\t<figcaption class=\"widget-image-caption wp-caption-text\">Devant \/ Derri\u00e8re<\/figcaption>\n\t\t\t\t\t\t\t\t\t\t<\/figure>\n\t\t\t\t\t\t\t\t\t<\/div>\n\t\t\t\t<\/div>\n\t\t\t\t\t<\/div>\n\t\t<\/div>\n\t\t\t\t<div class=\"elementor-column elementor-col-50 elementor-top-column elementor-element elementor-element-b132a06\" data-id=\"b132a06\" data-element_type=\"column\">\n\t\t\t<div class=\"elementor-widget-wrap elementor-element-populated\">\n\t\t\t\t\t\t<div class=\"elementor-element elementor-element-aff0428 elementor-widget elementor-widget-image\" data-id=\"aff0428\" data-element_type=\"widget\" data-widget_type=\"image.default\">\n\t\t\t\t<div class=\"elementor-widget-container\">\n\t\t\t\t\t\t\t\t\t\t\t\t<figure class=\"wp-caption\">\n\t\t\t\t\t\t\t\t\t\t<img decoding=\"async\" width=\"150\" height=\"150\" src=\"https:\/\/lesseigneursdescimes.escalade-normandie.com\/wp-content\/uploads\/2025\/02\/Capture-decran-2025-02-26-a-12.38.00-150x150.png\" class=\"attachment-thumbnail size-thumbnail wp-image-3115\" alt=\"\" \/>\t\t\t\t\t\t\t\t\t\t\t<figcaption class=\"widget-image-caption wp-caption-text\">Devant\/arri\u00e8re<\/figcaption>\n\t\t\t\t\t\t\t\t\t\t<\/figure>\n\t\t\t\t\t\t\t\t\t<\/div>\n\t\t\t\t<\/div>\n\t\t\t\t\t<\/div>\n\t\t<\/div>\n\t\t\t\t\t<\/div>\n\t\t<\/section>\n\t\t\t\t<section class=\"elementor-section elementor-top-section elementor-element elementor-element-4a79838 elementor-section-boxed elementor-section-height-default elementor-section-height-default\" data-id=\"4a79838\" data-element_type=\"section\">\n\t\t\t\t\t\t<div class=\"elementor-container elementor-column-gap-default\">\n\t\t\t\t\t<div class=\"elementor-column elementor-col-50 elementor-top-column elementor-element elementor-element-4805f52\" data-id=\"4805f52\" data-element_type=\"column\">\n\t\t\t<div class=\"elementor-widget-wrap elementor-element-populated\">\n\t\t\t\t\t\t<div class=\"elementor-element elementor-element-e5864a3 elementor-widget elementor-widget-text-editor\" data-id=\"e5864a3\" data-element_type=\"widget\" data-widget_type=\"text-editor.default\">\n\t\t\t\t<div class=\"elementor-widget-container\">\n\t\t\t\t\t\t\t\t\t<p>T-shirt : 10\u20ac<br \/>Sweat : 20\u20ac<br \/>T-shirt et sweat : 27\u20ac (code \u00e0 retirer aupr\u00e8s de Kelly &#8211; R\u00e9duction r\u00e9server aux adh\u00e9rents du club)<\/p><p>Certaines tailles peuvent paraitre juste mais possibilit\u00e9 de tester sur place avant de passer commandes.<br \/>Lancement de la production quand nous aurons suffisamment de commande et pr\u00e9voir un d\u00e9lai long (Fournisseur en Allemagne).<\/p>\t\t\t\t\t\t\t\t<\/div>\n\t\t\t\t<\/div>\n\t\t\t\t\t<\/div>\n\t\t<\/div>\n\t\t\t\t<div class=\"elementor-column elementor-col-50 elementor-top-column elementor-element elementor-element-35fe06a\" data-id=\"35fe06a\" data-element_type=\"column\">\n\t\t\t<div class=\"elementor-widget-wrap elementor-element-populated\">\n\t\t\t\t\t\t<div class=\"elementor-element elementor-element-5c8a8f1 elementor-widget elementor-widget-text-editor\" data-id=\"5c8a8f1\" data-element_type=\"widget\" data-widget_type=\"text-editor.default\">\n\t\t\t\t<div class=\"elementor-widget-container\">\n\t\t\t\t\t\t\t\t\t<p>Clique sur le lien afin de passer la commande :\u00a0<a href=\"https:\/\/www.helloasso.com\/associations\/les-seigneurs-des-cimes-76\/boutiques\/vetements\">V\u00eatements<\/a><\/p><p>Scanne le QR code ci-dessous pour acc\u00e9der directement.\u00a0<\/p>\t\t\t\t\t\t\t\t<\/div>\n\t\t\t\t<\/div>\n\t\t\t\t<div class=\"elementor-element elementor-element-91e9867 elementor-widget elementor-widget-image\" data-id=\"91e9867\" data-element_type=\"widget\" data-widget_type=\"image.default\">\n\t\t\t\t<div class=\"elementor-widget-container\">\n\t\t\t\t\t\t\t\t\t\t\t\t<figure class=\"wp-caption\">\n\t\t\t\t\t\t\t\t\t\t<img decoding=\"async\" width=\"150\" height=\"150\" src=\"https:\/\/lesseigneursdescimes.escalade-normandie.com\/wp-content\/uploads\/2025\/02\/QR-CODE-Vetements-150x150.png\" class=\"attachment-thumbnail size-thumbnail wp-image-3116\" alt=\"\" srcset=\"https:\/\/lesseigneursdescimes.escalade-normandie.com\/wp-content\/uploads\/2025\/02\/QR-CODE-Vetements-150x150.png 150w, https:\/\/lesseigneursdescimes.escalade-normandie.com\/wp-content\/uploads\/2025\/02\/QR-CODE-Vetements-300x300.png 300w, https:\/\/lesseigneursdescimes.escalade-normandie.com\/wp-content\/uploads\/2025\/02\/QR-CODE-Vetements.png 600w\" sizes=\"(max-width: 150px) 100vw, 150px\" \/>\t\t\t\t\t\t\t\t\t\t\t<figcaption class=\"widget-image-caption wp-caption-text\">QR Code v\u00eatements<\/figcaption>\n\t\t\t\t\t\t\t\t\t\t<\/figure>\n\t\t\t\t\t\t\t\t\t<\/div>\n\t\t\t\t<\/div>\n\t\t\t\t\t<\/div>\n\t\t<\/div>\n\t\t\t\t\t<\/div>\n\t\t<\/section>\n\t\t\t\t<\/div>\n\t\t","protected":false},"excerpt":{"rendered":"<p>Devant \/ Derri\u00e8re Devant\/arri\u00e8re T-shirt : 10\u20acSweat : 20\u20acT-shirt et sweat : 27\u20ac (code \u00e0 retirer aupr\u00e8s de Kelly &#8211; R\u00e9duction r\u00e9server aux adh\u00e9rents du club) Certaines tailles peuvent paraitre juste mais possibilit\u00e9 de tester sur place avant de passer commandes.Lancement de la production quand nous aurons suffisamment de commande et pr\u00e9voir un d\u00e9lai long (Fournisseur en Allemagne). Clique sur [&hellip;]<\/p>\n","protected":false},"author":2,"featured_media":3082,"parent":0,"menu_order":0,"comment_status":"closed","ping_status":"closed","template":"","meta":{"footnotes":""},"categories":[73],"tags":[],"class_list":["post-3074","page","type-page","status-publish","has-post-thumbnail","hentry","category-boutique"],"aioseo_notices":[],"_links":{"self":[{"href":"https:\/\/lesseigneursdescimes.escalade-normandie.com\/index.php\/wp-json\/wp\/v2\/pages\/3074","targetHints":{"allow":["GET"]}}],"collection":[{"href":"https:\/\/lesseigneursdescimes.escalade-normandie.com\/index.php\/wp-json\/wp\/v2\/pages"}],"about":[{"href":"https:\/\/lesseigneursdescimes.escalade-normandie.com\/index.php\/wp-json\/wp\/v2\/types\/page"}],"author":[{"embeddable":true,"href":"https:\/\/lesseigneursdescimes.escalade-normandie.com\/index.php\/wp-json\/wp\/v2\/users\/2"}],"replies":[{"embeddable":true,"href":"https:\/\/lesseigneursdescimes.escalade-normandie.com\/index.php\/wp-json\/wp\/v2\/comments?post=3074"}],"version-history":[{"count":87,"href":"https:\/\/lesseigneursdescimes.escalade-normandie.com\/index.php\/wp-json\/wp\/v2\/pages\/3074\/revisions"}],"predecessor-version":[{"id":3183,"href":"https:\/\/lesseigneursdescimes.escalade-normandie.com\/index.php\/wp-json\/wp\/v2\/pages\/3074\/revisions\/3183"}],"wp:featuredmedia":[{"embeddable":true,"href":"https:\/\/lesseigneursdescimes.escalade-normandie.com\/index.php\/wp-json\/wp\/v2\/media\/3082"}],"wp:attachment":[{"href":"https:\/\/lesseigneursdescimes.escalade-normandie.com\/index.php\/wp-json\/wp\/v2\/media?parent=3074"}],"wp:term":[{"taxonomy":"category","embeddable":true,"href":"https:\/\/lesseigneursdescimes.escalade-normandie.com\/index.php\/wp-json\/wp\/v2\/categories?post=3074"},{"taxonomy":"post_tag","embeddable":true,"href":"https:\/\/lesseigneursdescimes.escalade-normandie.com\/index.php\/wp-json\/wp\/v2\/tags?post=3074"}],"curies":[{"name":"wp","href":"https:\/\/api.w.org\/{rel}","templated":true}]}}