{"id":2113,"date":"2023-12-18T07:47:06","date_gmt":"2023-12-18T06:47:06","guid":{"rendered":"https:\/\/lesseigneursdescimes.escalade-normandie.com\/?page_id=2113"},"modified":"2023-12-18T07:47:08","modified_gmt":"2023-12-18T06:47:08","slug":"juge-de-bloc-1","status":"publish","type":"page","link":"https:\/\/lesseigneursdescimes.escalade-normandie.com\/index.php\/juge-de-bloc-1\/","title":{"rendered":"Juge de bloc 1"},"content":{"rendered":"\t\t<div data-elementor-type=\"wp-page\" data-elementor-id=\"2113\" class=\"elementor elementor-2113\">\n\t\t\t\t\t\t<section class=\"elementor-section elementor-top-section elementor-element elementor-element-1e9da5f elementor-section-boxed elementor-section-height-default elementor-section-height-default\" data-id=\"1e9da5f\" data-element_type=\"section\">\n\t\t\t\t\t\t<div class=\"elementor-container elementor-column-gap-default\">\n\t\t\t\t\t<div class=\"elementor-column elementor-col-25 elementor-top-column elementor-element elementor-element-338ea1e\" data-id=\"338ea1e\" data-element_type=\"column\">\n\t\t\t<div class=\"elementor-widget-wrap elementor-element-populated\">\n\t\t\t\t\t\t<div class=\"elementor-element elementor-element-571fe6d elementor-widget elementor-widget-heading\" data-id=\"571fe6d\" data-element_type=\"widget\" data-widget_type=\"heading.default\">\n\t\t\t\t<div class=\"elementor-widget-container\">\n\t\t\t\t\t<h2 class=\"elementor-heading-title elementor-size-default\">Objectif<\/h2>\t\t\t\t<\/div>\n\t\t\t\t<\/div>\n\t\t\t\t<div class=\"elementor-element elementor-element-494ee0d elementor-widget elementor-widget-text-editor\" data-id=\"494ee0d\" data-element_type=\"widget\" data-widget_type=\"text-editor.default\">\n\t\t\t\t<div class=\"elementor-widget-container\">\n\t\t\t\t\t\t\t\t\t<p style=\"caret-color: #000000; color: #000000;\">Former le candidat afin qu&rsquo;il maitrise les comp\u00e9tences minimales pour assurer les postes de :<\/p><ul style=\"caret-color: #000000; color: #000000;\"><li>Juge de bloc<\/li><li>Gestion de l&rsquo;isolement<\/li><\/ul>\t\t\t\t\t\t\t\t<\/div>\n\t\t\t\t<\/div>\n\t\t\t\t\t<\/div>\n\t\t<\/div>\n\t\t\t\t<div class=\"elementor-column elementor-col-25 elementor-top-column elementor-element elementor-element-0deaf96\" data-id=\"0deaf96\" data-element_type=\"column\">\n\t\t\t<div class=\"elementor-widget-wrap elementor-element-populated\">\n\t\t\t\t\t\t<div class=\"elementor-element elementor-element-7faf75a elementor-widget elementor-widget-heading\" data-id=\"7faf75a\" data-element_type=\"widget\" data-widget_type=\"heading.default\">\n\t\t\t\t<div class=\"elementor-widget-container\">\n\t\t\t\t\t<h2 class=\"elementor-heading-title elementor-size-default\">Dur\u00e9e<\/h2>\t\t\t\t<\/div>\n\t\t\t\t<\/div>\n\t\t\t\t<div class=\"elementor-element elementor-element-6e90a72 elementor-widget elementor-widget-text-editor\" data-id=\"6e90a72\" data-element_type=\"widget\" data-widget_type=\"text-editor.default\">\n\t\t\t\t<div class=\"elementor-widget-container\">\n\t\t\t\t\t\t\t\t\t<p><span style=\"color: #000000;\">Une journ\u00e9e de 7 heures<\/span><\/p>\t\t\t\t\t\t\t\t<\/div>\n\t\t\t\t<\/div>\n\t\t\t\t\t<\/div>\n\t\t<\/div>\n\t\t\t\t<div class=\"elementor-column elementor-col-25 elementor-top-column elementor-element elementor-element-396cdec\" data-id=\"396cdec\" data-element_type=\"column\">\n\t\t\t<div class=\"elementor-widget-wrap elementor-element-populated\">\n\t\t\t\t\t\t<div class=\"elementor-element elementor-element-f8d027a elementor-widget elementor-widget-heading\" data-id=\"f8d027a\" data-element_type=\"widget\" data-widget_type=\"heading.default\">\n\t\t\t\t<div class=\"elementor-widget-container\">\n\t\t\t\t\t<h2 class=\"elementor-heading-title elementor-size-default\">Lieu<\/h2>\t\t\t\t<\/div>\n\t\t\t\t<\/div>\n\t\t\t\t<div class=\"elementor-element elementor-element-6cdd7a4 elementor-widget elementor-widget-text-editor\" data-id=\"6cdd7a4\" data-element_type=\"widget\" data-widget_type=\"text-editor.default\">\n\t\t\t\t<div class=\"elementor-widget-container\">\n\t\t\t\t\t\t\t\t\t<p><span style=\"color: #000000;\">En salle et sur le terrain (cas concrets)<\/span><\/p>\t\t\t\t\t\t\t\t<\/div>\n\t\t\t\t<\/div>\n\t\t\t\t\t<\/div>\n\t\t<\/div>\n\t\t\t\t<div class=\"elementor-column elementor-col-25 elementor-top-column elementor-element elementor-element-eebe34f\" data-id=\"eebe34f\" data-element_type=\"column\">\n\t\t\t<div class=\"elementor-widget-wrap elementor-element-populated\">\n\t\t\t\t\t\t<div class=\"elementor-element elementor-element-44fb411 elementor-widget elementor-widget-heading\" data-id=\"44fb411\" data-element_type=\"widget\" data-widget_type=\"heading.default\">\n\t\t\t\t<div class=\"elementor-widget-container\">\n\t\t\t\t\t<h2 class=\"elementor-heading-title elementor-size-default\">Public<\/h2>\t\t\t\t<\/div>\n\t\t\t\t<\/div>\n\t\t\t\t<div class=\"elementor-element elementor-element-73f335e elementor-widget elementor-widget-text-editor\" data-id=\"73f335e\" data-element_type=\"widget\" data-widget_type=\"text-editor.default\">\n\t\t\t\t<div class=\"elementor-widget-container\">\n\t\t\t\t\t\t\t\t\t<p><span style=\"color: #000000;\">Toute personne ayant une exp\u00e9rience minimale de la comp\u00e9tition et int\u00e9ress\u00e9e par le jugement ou l&rsquo;arbitrage (comp\u00e9titeur, accompagnateur)<\/span><\/p>\t\t\t\t\t\t\t\t<\/div>\n\t\t\t\t<\/div>\n\t\t\t\t\t<\/div>\n\t\t<\/div>\n\t\t\t\t\t<\/div>\n\t\t<\/section>\n\t\t\t\t<section class=\"elementor-section elementor-top-section elementor-element elementor-element-3a18243 elementor-section-boxed elementor-section-height-default elementor-section-height-default\" data-id=\"3a18243\" data-element_type=\"section\">\n\t\t\t\t\t\t<div class=\"elementor-container elementor-column-gap-default\">\n\t\t\t\t\t<div class=\"elementor-column elementor-col-50 elementor-top-column elementor-element elementor-element-cf44430\" data-id=\"cf44430\" data-element_type=\"column\">\n\t\t\t<div class=\"elementor-widget-wrap elementor-element-populated\">\n\t\t\t\t\t\t<div class=\"elementor-element elementor-element-ff3af8d elementor-widget elementor-widget-heading\" data-id=\"ff3af8d\" data-element_type=\"widget\" data-widget_type=\"heading.default\">\n\t\t\t\t<div class=\"elementor-widget-container\">\n\t\t\t\t\t<h2 class=\"elementor-heading-title elementor-size-default\">Pr\u00e9-requis<\/h2>\t\t\t\t<\/div>\n\t\t\t\t<\/div>\n\t\t\t\t<div class=\"elementor-element elementor-element-9862ecb elementor-widget elementor-widget-text-editor\" data-id=\"9862ecb\" data-element_type=\"widget\" data-widget_type=\"text-editor.default\">\n\t\t\t\t<div class=\"elementor-widget-container\">\n\t\t\t\t\t\t\t\t\t<p><span style=\"color: #000000;\">Les exp\u00e9riences pr\u00e9alables suivantes sont requises pour acc\u00e9der \u00e0 la formation :\u00a0<\/span><\/p><ul><li><span style=\"color: #000000;\">Etre dans sa 12\u00e8me ann\u00e9e<\/span><\/li><li><span style=\"color: #000000;\">Etre pr\u00e9sent\u00e9 par le pr\u00e9sident de son club<\/span><\/li><li><span style=\"color: #000000;\">Etre titulaire d&rsquo;une licence FFME en cours de validit\u00e9<\/span><\/li><li><span style=\"color: #000000;\">Justifier d&rsquo;une exp\u00e9rience d&rsquo;au moins deux comp\u00e9titions d&rsquo;escalade de bloc<\/span><\/li><\/ul><div><span style=\"font-family: 'Open Sans'; color: #000000;\">Ces exigences pr\u00e9alables sont v\u00e9rifi\u00e9es au moyen de la pr\u00e9sentation d&rsquo;une attestation d&rsquo;exp\u00e9rience attest\u00e9e par le pr\u00e9sident du Comit\u00e9 Territorial ou \u00e0 d\u00e9faut de la Ligue FFME.\u00a0<\/span><\/div><div><span style=\"font-family: 'Open Sans'; color: #000000;\">\u00a0<\/span><\/div><p><span style=\"color: #000000;\">Le stagiaire devra fournir au d\u00e9partement Formation un extrait de casier judiciaire n\u00b03 datant de moins de 3 mois. Les personnes ayant d\u00e9j\u00e0 fait l&rsquo;objet d&rsquo;une condamnation p\u00e9nale en France ou \u00e0 l&rsquo;\u00e9tranger, \u00e0 raison de faits constituant un manquement \u00e0 l&rsquo;honneur, \u00e0 la probit\u00e9 ou aux bonnes moeurs, se verront refuser l&rsquo;acc\u00e8s \u00e0 la formation et au dipl\u00f4me.\u00a0<\/span><\/p><p><span style=\"color: #000000;\">Si le stagiaire est un mineur, son tuteur l\u00e9gal fera une demande d&rsquo;extrait de casier judiciaire n\u00b03 datant de moins de 3 mois par le mineur. \u00a0<\/span><\/p>\t\t\t\t\t\t\t\t<\/div>\n\t\t\t\t<\/div>\n\t\t\t\t\t<\/div>\n\t\t<\/div>\n\t\t\t\t<div class=\"elementor-column elementor-col-50 elementor-top-column elementor-element elementor-element-4f51cd7\" data-id=\"4f51cd7\" data-element_type=\"column\">\n\t\t\t<div class=\"elementor-widget-wrap elementor-element-populated\">\n\t\t\t\t\t\t<div class=\"elementor-element elementor-element-68a2e56 elementor-widget elementor-widget-heading\" data-id=\"68a2e56\" data-element_type=\"widget\" data-widget_type=\"heading.default\">\n\t\t\t\t<div class=\"elementor-widget-container\">\n\t\t\t\t\t<h2 class=\"elementor-heading-title elementor-size-default\">Stage pratique<\/h2>\t\t\t\t<\/div>\n\t\t\t\t<\/div>\n\t\t\t\t<div class=\"elementor-element elementor-element-d8ff9a6 elementor-widget elementor-widget-text-editor\" data-id=\"d8ff9a6\" data-element_type=\"widget\" data-widget_type=\"text-editor.default\">\n\t\t\t\t<div class=\"elementor-widget-container\">\n\t\t\t\t\t\t\t\t\t<p><span style=\"color: #000000;\">Pour acc\u00e9der au stage pratique de juge de bloc niveau 1 le candidat doit \u00eatre titulaire de :\u00a0<\/span><\/p><ul><li><span style=\"color: #000000;\">La licence FFME en cours de validit\u00e9<\/span><\/li><li><span style=\"color: #000000;\">L&rsquo;attestation de r\u00e9ussite obtenue \u00e0 l&rsquo;issue de la formation de juge de bloc.\u00a0<\/span><\/li><\/ul><div><span style=\"color: #000000; font-family: Open Sans;\"><span style=\"caret-color: #000000;\">\u00a0<\/span><\/span><\/div><p><span style=\"color: #000000;\"> Les stages pratiques s&rsquo;effectuent sur des comp\u00e9titions officielles en situation de stagiaire et en pr\u00e9sence d&rsquo;un tuteur. Le tuteur doit \u00eatre titulaire, soit d&rsquo;un brevet de juge de bloc de niveau sup\u00e9rieur au stagiaire accompagn\u00e9, soit d&rsquo;un brevet de pr\u00e9sident de jury de comp\u00e9tition d&rsquo;escalade \u00e0 jour de sa formation continue.\u00a0<\/span><\/p><p><span style=\"color: #000000;\">Lors du stage pratique de juge de bloc niveau 1, le candidat doit valider au moins deux comp\u00e9titions officielles de bloc, dont une au moins de niveau r\u00e9gional. Le candidat dispose de 2 saisons sportives compl\u00e8tes pour r\u00e9aliser l&rsquo;int\u00e9gralit\u00e9 de son stage pratique, \u00e0 partir de la date d&rsquo;obtention de son attestation de r\u00e9ussite \u00e0 la formation de juge de bloc.\u00a0<\/span><\/p>\t\t\t\t\t\t\t\t<\/div>\n\t\t\t\t<\/div>\n\t\t\t\t\t<\/div>\n\t\t<\/div>\n\t\t\t\t\t<\/div>\n\t\t<\/section>\n\t\t\t\t<section class=\"elementor-section elementor-top-section elementor-element elementor-element-f44ff1e elementor-section-boxed elementor-section-height-default elementor-section-height-default\" data-id=\"f44ff1e\" data-element_type=\"section\">\n\t\t\t\t\t\t<div class=\"elementor-container elementor-column-gap-default\">\n\t\t\t\t\t<div class=\"elementor-column elementor-col-50 elementor-top-column elementor-element elementor-element-a3b908a\" data-id=\"a3b908a\" data-element_type=\"column\">\n\t\t\t<div class=\"elementor-widget-wrap elementor-element-populated\">\n\t\t\t\t\t\t<div class=\"elementor-element elementor-element-8ee64d2 elementor-widget elementor-widget-heading\" data-id=\"8ee64d2\" data-element_type=\"widget\" data-widget_type=\"heading.default\">\n\t\t\t\t<div class=\"elementor-widget-container\">\n\t\t\t\t\t<h2 class=\"elementor-heading-title elementor-size-default\">Informations compl\u00e9mentaires<\/h2>\t\t\t\t<\/div>\n\t\t\t\t<\/div>\n\t\t\t\t<div class=\"elementor-element elementor-element-09d066c elementor-widget elementor-widget-text-editor\" data-id=\"09d066c\" data-element_type=\"widget\" data-widget_type=\"text-editor.default\">\n\t\t\t\t<div class=\"elementor-widget-container\">\n\t\t\t\t\t\t\t\t\t<p><span style=\"color: #000000;\">Titularisation : La validation des exp\u00e9riences pratiques est fa\u00eetes par le Pr\u00e9sident de jury via l&rsquo;intranet f\u00e9d\u00e9ral. La d\u00e9livrance du dipl\u00f4me est automatique une fois les 2 exp\u00e9riences valid\u00e9es positivement.\u00a0<\/span><\/p>\t\t\t\t\t\t\t\t<\/div>\n\t\t\t\t<\/div>\n\t\t\t\t\t<\/div>\n\t\t<\/div>\n\t\t\t\t<div class=\"elementor-column elementor-col-50 elementor-top-column elementor-element elementor-element-894fce8\" data-id=\"894fce8\" data-element_type=\"column\">\n\t\t\t<div class=\"elementor-widget-wrap elementor-element-populated\">\n\t\t\t\t\t\t<div class=\"elementor-element elementor-element-0b47b41 elementor-widget elementor-widget-heading\" data-id=\"0b47b41\" data-element_type=\"widget\" data-widget_type=\"heading.default\">\n\t\t\t\t<div class=\"elementor-widget-container\">\n\t\t\t\t\t<h2 class=\"elementor-heading-title elementor-size-default\">Modalit\u00e9 d'inscription<\/h2>\t\t\t\t<\/div>\n\t\t\t\t<\/div>\n\t\t\t\t<div class=\"elementor-element elementor-element-0ba31d6 elementor-widget elementor-widget-text-editor\" data-id=\"0ba31d6\" data-element_type=\"widget\" data-widget_type=\"text-editor.default\">\n\t\t\t\t<div class=\"elementor-widget-container\">\n\t\t\t\t\t\t\t\t\t<p><span style=\"color: #000000;\">L&rsquo;inscription se fait en ligne.\u00a0<\/span><\/p><p><span style=\"color: #000000;\">Lien \u00ab\u00a0Inscription en ligne\u00a0\u00bb sur chaque fiche de stage.\u00a0<\/span><\/p><p><span style=\"color: #000000;\">Pour les candidats non licenci\u00e9s ou en Formation Professionnelle Continue (FPC), un dossier sp\u00e9cifique sera \u00e9tabli, sur demande aupr\u00e8s du Service Formation de la FFME.\u00a0<\/span><\/p>\t\t\t\t\t\t\t\t<\/div>\n\t\t\t\t<\/div>\n\t\t\t\t\t<\/div>\n\t\t<\/div>\n\t\t\t\t\t<\/div>\n\t\t<\/section>\n\t\t\t\t<\/div>\n\t\t","protected":false},"excerpt":{"rendered":"<p>Objectif Former le candidat afin qu&rsquo;il maitrise les comp\u00e9tences minimales pour assurer les postes de : Juge de bloc Gestion de l&rsquo;isolement Dur\u00e9e Une journ\u00e9e de 7 heures Lieu En salle et sur le terrain (cas concrets) Public Toute personne ayant une exp\u00e9rience minimale de la comp\u00e9tition et int\u00e9ress\u00e9e par le jugement ou l&rsquo;arbitrage (comp\u00e9titeur, accompagnateur) Pr\u00e9-requis Les exp\u00e9riences pr\u00e9alables [&hellip;]<\/p>\n","protected":false},"author":2,"featured_media":0,"parent":0,"menu_order":0,"comment_status":"closed","ping_status":"closed","template":"","meta":{"footnotes":""},"categories":[52,13],"tags":[],"class_list":["post-2113","page","type-page","status-publish","hentry","category-juges-de-bloc","category-stages-formations"],"aioseo_notices":[],"_links":{"self":[{"href":"https:\/\/lesseigneursdescimes.escalade-normandie.com\/index.php\/wp-json\/wp\/v2\/pages\/2113","targetHints":{"allow":["GET"]}}],"collection":[{"href":"https:\/\/lesseigneursdescimes.escalade-normandie.com\/index.php\/wp-json\/wp\/v2\/pages"}],"about":[{"href":"https:\/\/lesseigneursdescimes.escalade-normandie.com\/index.php\/wp-json\/wp\/v2\/types\/page"}],"author":[{"embeddable":true,"href":"https:\/\/lesseigneursdescimes.escalade-normandie.com\/index.php\/wp-json\/wp\/v2\/users\/2"}],"replies":[{"embeddable":true,"href":"https:\/\/lesseigneursdescimes.escalade-normandie.com\/index.php\/wp-json\/wp\/v2\/comments?post=2113"}],"version-history":[{"count":40,"href":"https:\/\/lesseigneursdescimes.escalade-normandie.com\/index.php\/wp-json\/wp\/v2\/pages\/2113\/revisions"}],"predecessor-version":[{"id":2153,"href":"https:\/\/lesseigneursdescimes.escalade-normandie.com\/index.php\/wp-json\/wp\/v2\/pages\/2113\/revisions\/2153"}],"wp:attachment":[{"href":"https:\/\/lesseigneursdescimes.escalade-normandie.com\/index.php\/wp-json\/wp\/v2\/media?parent=2113"}],"wp:term":[{"taxonomy":"category","embeddable":true,"href":"https:\/\/lesseigneursdescimes.escalade-normandie.com\/index.php\/wp-json\/wp\/v2\/categories?post=2113"},{"taxonomy":"post_tag","embeddable":true,"href":"https:\/\/lesseigneursdescimes.escalade-normandie.com\/index.php\/wp-json\/wp\/v2\/tags?post=2113"}],"curies":[{"name":"wp","href":"https:\/\/api.w.org\/{rel}","templated":true}]}}