{"id":1274,"date":"2023-07-17T15:12:16","date_gmt":"2023-07-17T13:12:16","guid":{"rendered":"https:\/\/lesseigneursdescimes.escalade-normandie.com\/?page_id=1274"},"modified":"2024-08-01T19:26:11","modified_gmt":"2024-08-01T17:26:11","slug":"le-deroulement-des-seances","status":"publish","type":"page","link":"https:\/\/lesseigneursdescimes.escalade-normandie.com\/index.php\/le-deroulement-des-seances\/","title":{"rendered":"Le d\u00e9roulement des s\u00e9ances"},"content":{"rendered":"\t\t<div data-elementor-type=\"wp-post\" data-elementor-id=\"1274\" class=\"elementor elementor-1274\">\n\t\t\t\t\t\t<section class=\"elementor-section elementor-top-section elementor-element elementor-element-3ce7eab elementor-section-boxed elementor-section-height-default elementor-section-height-default\" data-id=\"3ce7eab\" data-element_type=\"section\">\n\t\t\t\t\t\t<div class=\"elementor-container elementor-column-gap-default\">\n\t\t\t\t\t<div class=\"elementor-column elementor-col-100 elementor-top-column elementor-element elementor-element-d3060ed\" data-id=\"d3060ed\" data-element_type=\"column\">\n\t\t\t<div class=\"elementor-widget-wrap elementor-element-populated\">\n\t\t\t\t\t\t<div class=\"elementor-element elementor-element-ede1b9e elementor-widget elementor-widget-heading\" data-id=\"ede1b9e\" data-element_type=\"widget\" data-widget_type=\"heading.default\">\n\t\t\t\t<div class=\"elementor-widget-container\">\n\t\t\t\t\t<h2 class=\"elementor-heading-title elementor-size-xxl\">Le d\u00e9roulement des s\u00e9ances<\/h2>\t\t\t\t<\/div>\n\t\t\t\t<\/div>\n\t\t\t\t\t<\/div>\n\t\t<\/div>\n\t\t\t\t\t<\/div>\n\t\t<\/section>\n\t\t\t\t<section class=\"elementor-section elementor-top-section elementor-element elementor-element-dfe0033 elementor-section-boxed elementor-section-height-default elementor-section-height-default\" data-id=\"dfe0033\" data-element_type=\"section\">\n\t\t\t\t\t\t<div class=\"elementor-container elementor-column-gap-default\">\n\t\t\t\t\t<div class=\"elementor-column elementor-col-100 elementor-top-column elementor-element elementor-element-c9564e1\" data-id=\"c9564e1\" data-element_type=\"column\">\n\t\t\t<div class=\"elementor-widget-wrap elementor-element-populated\">\n\t\t\t\t\t\t<div class=\"elementor-element elementor-element-a026095 elementor-widget elementor-widget-heading\" data-id=\"a026095\" data-element_type=\"widget\" data-widget_type=\"heading.default\">\n\t\t\t\t<div class=\"elementor-widget-container\">\n\t\t\t\t\t<h2 class=\"elementor-heading-title elementor-size-large\">Nos objectifs<\/h2>\t\t\t\t<\/div>\n\t\t\t\t<\/div>\n\t\t\t\t\t<\/div>\n\t\t<\/div>\n\t\t\t\t\t<\/div>\n\t\t<\/section>\n\t\t\t\t<section class=\"elementor-section elementor-top-section elementor-element elementor-element-68c5fc1 elementor-section-boxed elementor-section-height-default elementor-section-height-default\" data-id=\"68c5fc1\" data-element_type=\"section\">\n\t\t\t\t\t\t<div class=\"elementor-container elementor-column-gap-default\">\n\t\t\t\t\t<div class=\"elementor-column elementor-col-33 elementor-top-column elementor-element elementor-element-d74c3b2\" data-id=\"d74c3b2\" data-element_type=\"column\">\n\t\t\t<div class=\"elementor-widget-wrap elementor-element-populated\">\n\t\t\t\t\t\t<div class=\"elementor-element elementor-element-2f44254 elementor-widget elementor-widget-heading\" data-id=\"2f44254\" data-element_type=\"widget\" data-widget_type=\"heading.default\">\n\t\t\t\t<div class=\"elementor-widget-container\">\n\t\t\t\t\t<h2 class=\"elementor-heading-title elementor-size-default\"><span class=\"elementor-heading-title elementor-size-medium elementor-inline-editing pen\" data-elementor-setting-key=\"title\" data-pen-placeholder=\"\u00c9crivez ici...\" style=\"clear: both;padding-top: 5px;padding-bottom: 10px;text-align: center\">Les r\u00e8gles et consignes<\/span><\/h2>\t\t\t\t<\/div>\n\t\t\t\t<\/div>\n\t\t\t\t<div class=\"elementor-element elementor-element-0ee705b elementor-widget elementor-widget-text-editor\" data-id=\"0ee705b\" data-element_type=\"widget\" data-widget_type=\"text-editor.default\">\n\t\t\t\t<div class=\"elementor-widget-container\">\n\t\t\t\t\t\t\t\t\t<p><span style=\"caret-color: #010101; color: #010101; text-align: justify;\">En d\u00e9but de s\u00e9ance, nous rappelons les r\u00e8gles de s\u00e9curit\u00e9 et les consignes qui sont attendus durant la s\u00e9ance et la saison sportive.\u00a0<\/span><\/p>\t\t\t\t\t\t\t\t<\/div>\n\t\t\t\t<\/div>\n\t\t\t\t\t<\/div>\n\t\t<\/div>\n\t\t\t\t<div class=\"elementor-column elementor-col-33 elementor-top-column elementor-element elementor-element-1252972\" data-id=\"1252972\" data-element_type=\"column\">\n\t\t\t<div class=\"elementor-widget-wrap elementor-element-populated\">\n\t\t\t\t\t\t<div class=\"elementor-element elementor-element-8aa057a elementor-widget elementor-widget-heading\" data-id=\"8aa057a\" data-element_type=\"widget\" data-widget_type=\"heading.default\">\n\t\t\t\t<div class=\"elementor-widget-container\">\n\t\t\t\t\t<h2 class=\"elementor-heading-title elementor-size-default\"><span class=\"elementor-heading-title elementor-size-medium elementor-inline-editing pen\" data-elementor-setting-key=\"title\" data-pen-placeholder=\"\u00c9crivez ici...\" style=\"clear: both;padding-top: 5px;padding-bottom: 10px;text-align: center\">Progresser<\/span><\/h2>\t\t\t\t<\/div>\n\t\t\t\t<\/div>\n\t\t\t\t<div class=\"elementor-element elementor-element-22988d6 elementor-widget elementor-widget-text-editor\" data-id=\"22988d6\" data-element_type=\"widget\" data-widget_type=\"text-editor.default\">\n\t\t\t\t<div class=\"elementor-widget-container\">\n\t\t\t\t\t\t\t\t\t<p style=\"caret-color: #010101; color: #010101; text-align: justify;\">D\u00e9buter par un \u00e9chauffement efficace pour faire chauffer les muscles et \u00e9viter toutes blessures.<\/p><p style=\"caret-color: #010101; color: #010101; text-align: justify;\">Prendre le plaisir de grimper sur le mur d&rsquo;escalade en toute s\u00e9curit\u00e9 en m\u00e9langeant cours et jeux ludique.<\/p>\t\t\t\t\t\t\t\t<\/div>\n\t\t\t\t<\/div>\n\t\t\t\t\t<\/div>\n\t\t<\/div>\n\t\t\t\t<div class=\"elementor-column elementor-col-33 elementor-top-column elementor-element elementor-element-3abc1aa\" data-id=\"3abc1aa\" data-element_type=\"column\">\n\t\t\t<div class=\"elementor-widget-wrap elementor-element-populated\">\n\t\t\t\t\t\t<div class=\"elementor-element elementor-element-778b202 elementor-widget elementor-widget-heading\" data-id=\"778b202\" data-element_type=\"widget\" data-widget_type=\"heading.default\">\n\t\t\t\t<div class=\"elementor-widget-container\">\n\t\t\t\t\t<h2 class=\"elementor-heading-title elementor-size-default\"><span class=\"elementor-heading-title elementor-size-medium elementor-inline-editing pen\" data-elementor-setting-key=\"title\" data-pen-placeholder=\"\u00c9crivez ici...\" style=\"clear: both;padding-top: 5px;padding-bottom: 10px;text-align: center\">Validation des acquis<\/span><\/h2>\t\t\t\t<\/div>\n\t\t\t\t<\/div>\n\t\t\t\t<div class=\"elementor-element elementor-element-ed11bc3 elementor-widget elementor-widget-text-editor\" data-id=\"ed11bc3\" data-element_type=\"widget\" data-widget_type=\"text-editor.default\">\n\t\t\t\t<div class=\"elementor-widget-container\">\n\t\t\t\t\t\t\t\t\t<p style=\"caret-color: #010101; color: #010101; text-align: justify;\">A la fin de la saison sportive, le licenci\u00e9 doit repartir avec un niveau de passeport valid\u00e9 qui lui correspond et permet de devenir autonome d\u00e8s que possible.<\/p><p style=\"caret-color: #010101; color: #010101; text-align: justify;\">Le club valide seulement 3 niveaux d&rsquo;escalade :<\/p><ol style=\"caret-color: #010101; color: #010101; text-align: justify;\"><li>Passeport blanc (1\u00e8re ann\u00e9e)<\/li><li>Passeport jaune (2\u00e8me ann\u00e9e)<\/li><li>Passeport orange (en fonction de l&rsquo;avanc\u00e9e)<\/li><\/ol><div style=\"caret-color: #010101; color: #010101; text-align: justify;\">\u00a0<\/div><div style=\"caret-color: #010101; color: #010101; text-align: justify;\">L&rsquo;attestation lui est remis au moment de l&rsquo;annonce du r\u00e9sultat.<\/div>\t\t\t\t\t\t\t\t<\/div>\n\t\t\t\t<\/div>\n\t\t\t\t\t<\/div>\n\t\t<\/div>\n\t\t\t\t\t<\/div>\n\t\t<\/section>\n\t\t\t\t<section class=\"elementor-section elementor-top-section elementor-element elementor-element-ba8aad1 elementor-section-boxed elementor-section-height-default elementor-section-height-default\" data-id=\"ba8aad1\" data-element_type=\"section\">\n\t\t\t\t\t\t<div class=\"elementor-container elementor-column-gap-default\">\n\t\t\t\t\t<div class=\"elementor-column elementor-col-100 elementor-top-column elementor-element elementor-element-b008dae\" data-id=\"b008dae\" data-element_type=\"column\">\n\t\t\t<div class=\"elementor-widget-wrap elementor-element-populated\">\n\t\t\t\t\t\t<div class=\"elementor-element elementor-element-d3b6016 elementor-widget elementor-widget-heading\" data-id=\"d3b6016\" data-element_type=\"widget\" data-widget_type=\"heading.default\">\n\t\t\t\t<div class=\"elementor-widget-container\">\n\t\t\t\t\t<h2 class=\"elementor-heading-title elementor-size-large\">Les passeports<\/h2>\t\t\t\t<\/div>\n\t\t\t\t<\/div>\n\t\t\t\t\t<\/div>\n\t\t<\/div>\n\t\t\t\t\t<\/div>\n\t\t<\/section>\n\t\t\t\t<section class=\"elementor-section elementor-top-section elementor-element elementor-element-04a493f elementor-section-boxed elementor-section-height-default elementor-section-height-default\" data-id=\"04a493f\" data-element_type=\"section\">\n\t\t\t\t\t\t<div class=\"elementor-container elementor-column-gap-default\">\n\t\t\t\t\t<div class=\"elementor-column elementor-col-100 elementor-top-column elementor-element elementor-element-e215642\" data-id=\"e215642\" data-element_type=\"column\">\n\t\t\t<div class=\"elementor-widget-wrap elementor-element-populated\">\n\t\t\t\t\t\t<div class=\"elementor-element elementor-element-e99e1f9 elementor-widget elementor-widget-heading\" data-id=\"e99e1f9\" data-element_type=\"widget\" data-widget_type=\"heading.default\">\n\t\t\t\t<div class=\"elementor-widget-container\">\n\t\t\t\t\t<h2 class=\"elementor-heading-title elementor-size-medium\">Les 4 modules \u00e0 valider :<\/h2>\t\t\t\t<\/div>\n\t\t\t\t<\/div>\n\t\t\t\t<div class=\"elementor-element elementor-element-35cac2e elementor-widget elementor-widget-text-editor\" data-id=\"35cac2e\" data-element_type=\"widget\" data-widget_type=\"text-editor.default\">\n\t\t\t\t<div class=\"elementor-widget-container\">\n\t\t\t\t\t\t\t\t\t<p><strong style=\"caret-color: #010101; color: #010101; text-align: center;\"><em>SECURITE\u00a0<\/em><\/strong><br \/><strong style=\"caret-color: #010101; color: #010101; text-align: center;\"><em>ECO-RESPONSABLE<\/em><\/strong><br \/><strong style=\"caret-color: #010101; color: #010101; text-align: center;\"><em>DIFFICULT\u00c9\u00a0<\/em><\/strong><br \/><strong style=\"caret-color: #010101; color: #010101; text-align: center;\"><em>BLOC<\/em><\/strong><\/p>\t\t\t\t\t\t\t\t<\/div>\n\t\t\t\t<\/div>\n\t\t\t\t\t<\/div>\n\t\t<\/div>\n\t\t\t\t\t<\/div>\n\t\t<\/section>\n\t\t\t\t<section class=\"elementor-section elementor-top-section elementor-element elementor-element-7401aa9 elementor-section-boxed elementor-section-height-default elementor-section-height-default\" data-id=\"7401aa9\" data-element_type=\"section\">\n\t\t\t\t\t\t<div class=\"elementor-container elementor-column-gap-default\">\n\t\t\t\t\t<div class=\"elementor-column elementor-col-33 elementor-top-column elementor-element elementor-element-a8f4809\" data-id=\"a8f4809\" data-element_type=\"column\">\n\t\t\t<div class=\"elementor-widget-wrap elementor-element-populated\">\n\t\t\t\t\t\t<div class=\"elementor-element elementor-element-5421b34 elementor-widget elementor-widget-heading\" data-id=\"5421b34\" data-element_type=\"widget\" data-widget_type=\"heading.default\">\n\t\t\t\t<div class=\"elementor-widget-container\">\n\t\t\t\t\t<h2 class=\"elementor-heading-title elementor-size-medium\">Blanc<\/h2>\t\t\t\t<\/div>\n\t\t\t\t<\/div>\n\t\t\t\t<div class=\"elementor-element elementor-element-6446e92 elementor-widget elementor-widget-text-editor\" data-id=\"6446e92\" data-element_type=\"widget\" data-widget_type=\"text-editor.default\">\n\t\t\t\t<div class=\"elementor-widget-container\">\n\t\t\t\t\t\t\t\t\t<p style=\"caret-color: #010101; color: #010101; text-align: justify;\"><b>Aucune cotation n\u00e9cessaire.<\/b><\/p><p style=\"caret-color: #010101; color: #010101; text-align: justify;\">Me d\u00e9placer de plus en plus haut en maitrisant mon appr\u00e9hension.<\/p><p style=\"caret-color: #010101; color: #010101; text-align: justify;\">M&rsquo;asseoir dans le baudrier, rel\u00e2ch\u00e9, apr\u00e8s avoir v\u00e9rifi\u00e9 que l&rsquo;assureur m&rsquo;a pris en charge.<\/p><p style=\"caret-color: #010101; color: #010101; text-align: justify;\">Redescendre en moulinette \u00e9quilibr\u00e9 et rel\u00e2ch\u00e9.<\/p>\t\t\t\t\t\t\t\t<\/div>\n\t\t\t\t<\/div>\n\t\t\t\t\t<\/div>\n\t\t<\/div>\n\t\t\t\t<div class=\"elementor-column elementor-col-33 elementor-top-column elementor-element elementor-element-526090a\" data-id=\"526090a\" data-element_type=\"column\">\n\t\t\t<div class=\"elementor-widget-wrap elementor-element-populated\">\n\t\t\t\t\t\t<div class=\"elementor-element elementor-element-a1183e0 elementor-widget elementor-widget-heading\" data-id=\"a1183e0\" data-element_type=\"widget\" data-widget_type=\"heading.default\">\n\t\t\t\t<div class=\"elementor-widget-container\">\n\t\t\t\t\t<h2 class=\"elementor-heading-title elementor-size-medium\">Jaune<\/h2>\t\t\t\t<\/div>\n\t\t\t\t<\/div>\n\t\t\t\t<div class=\"elementor-element elementor-element-e6a7fc6 elementor-widget elementor-widget-text-editor\" data-id=\"e6a7fc6\" data-element_type=\"widget\" data-widget_type=\"text-editor.default\">\n\t\t\t\t<div class=\"elementor-widget-container\">\n\t\t\t\t\t\t\t\t\t<p style=\"caret-color: #010101; color: #010101; text-align: justify;\"><b>Cotation : 5b en-t\u00eate<\/b><\/p><p style=\"caret-color: #010101; color: #010101; text-align: justify;\">Commencer \u00e0 s&rsquo;\u00e9chauffer en autonomie sans attendre le feu vert de l&rsquo;encadrant.<\/p><p style=\"caret-color: #010101; color: #010101; text-align: justify;\">Commencer \u00e0 grimper en-t\u00eate et installer une corde en moulinette.<\/p><p style=\"caret-color: #010101; color: #010101; text-align: justify;\">Grimper 3 voies en une s\u00e9ance<\/p><p style=\"caret-color: #010101; color: #010101; text-align: justify;\">Savoir arr\u00eater une petite chute en moulinette<\/p><p style=\"caret-color: #010101; color: #010101; text-align: justify;\">Savoir chuter sans h\u00e9sitation<\/p>\t\t\t\t\t\t\t\t<\/div>\n\t\t\t\t<\/div>\n\t\t\t\t\t<\/div>\n\t\t<\/div>\n\t\t\t\t<div class=\"elementor-column elementor-col-33 elementor-top-column elementor-element elementor-element-89b586e\" data-id=\"89b586e\" data-element_type=\"column\">\n\t\t\t<div class=\"elementor-widget-wrap elementor-element-populated\">\n\t\t\t\t\t\t<div class=\"elementor-element elementor-element-1e934cc elementor-widget elementor-widget-heading\" data-id=\"1e934cc\" data-element_type=\"widget\" data-widget_type=\"heading.default\">\n\t\t\t\t<div class=\"elementor-widget-container\">\n\t\t\t\t\t<h2 class=\"elementor-heading-title elementor-size-medium\">Orange<\/h2>\t\t\t\t<\/div>\n\t\t\t\t<\/div>\n\t\t\t\t<div class=\"elementor-element elementor-element-40aac65 elementor-widget elementor-widget-text-editor\" data-id=\"40aac65\" data-element_type=\"widget\" data-widget_type=\"text-editor.default\">\n\t\t\t\t<div class=\"elementor-widget-container\">\n\t\t\t\t\t\t\t\t\t<p style=\"caret-color: #010101; color: #010101; text-align: justify;\"><b>Cotation : 5c en-t\u00eate\u00a0<\/b><\/p><p style=\"caret-color: #010101; color: #010101; text-align: justify;\">Suite du programme du passeport jaune obtenu sur la saison pr\u00e9c\u00e9dente avec un peu plus de difficult\u00e9.<\/p><p style=\"caret-color: #010101; color: #010101; text-align: justify;\">S&rsquo;avoir m&rsquo;\u00e9chauffer en autonomie<\/p><p style=\"caret-color: #010101; color: #010101; text-align: justify;\">Savoir arr\u00eater une chute en-t\u00eate et assurer en dynamique.<\/p><p style=\"caret-color: #010101; color: #010101; text-align: justify;\">Grimper 3 voies en une s\u00e9ance.<\/p>\t\t\t\t\t\t\t\t<\/div>\n\t\t\t\t<\/div>\n\t\t\t\t\t<\/div>\n\t\t<\/div>\n\t\t\t\t\t<\/div>\n\t\t<\/section>\n\t\t\t\t<section class=\"elementor-section elementor-top-section elementor-element elementor-element-d8ff111 elementor-section-boxed elementor-section-height-default elementor-section-height-default\" data-id=\"d8ff111\" data-element_type=\"section\">\n\t\t\t\t\t\t<div class=\"elementor-container elementor-column-gap-default\">\n\t\t\t\t\t<div class=\"elementor-column elementor-col-33 elementor-top-column elementor-element elementor-element-54dffaa\" data-id=\"54dffaa\" data-element_type=\"column\">\n\t\t\t<div class=\"elementor-widget-wrap\">\n\t\t\t\t\t\t\t<\/div>\n\t\t<\/div>\n\t\t\t\t<div class=\"elementor-column elementor-col-33 elementor-top-column elementor-element elementor-element-e780e57\" data-id=\"e780e57\" data-element_type=\"column\">\n\t\t\t<div class=\"elementor-widget-wrap\">\n\t\t\t\t\t\t\t<\/div>\n\t\t<\/div>\n\t\t\t\t<div class=\"elementor-column elementor-col-33 elementor-top-column elementor-element elementor-element-ce0edec\" data-id=\"ce0edec\" data-element_type=\"column\">\n\t\t\t<div class=\"elementor-widget-wrap elementor-element-populated\">\n\t\t\t\t\t\t<div class=\"elementor-element elementor-element-fc89959 elementor-widget elementor-widget-text-editor\" data-id=\"fc89959\" data-element_type=\"widget\" data-widget_type=\"text-editor.default\">\n\t\t\t\t<div class=\"elementor-widget-container\">\n\t\t\t\t\t\t\t\t\t<p>Ce passeport permet d&rsquo;acc\u00e9der \u00e0 tous les cr\u00e9neaux ouverts au club en fonction de l&rsquo;encadrant et n&rsquo;a plus besoin d&rsquo;\u00eatre encadr\u00e9.<\/p>\t\t\t\t\t\t\t\t<\/div>\n\t\t\t\t<\/div>\n\t\t\t\t\t<\/div>\n\t\t<\/div>\n\t\t\t\t\t<\/div>\n\t\t<\/section>\n\t\t\t\t<\/div>\n\t\t","protected":false},"excerpt":{"rendered":"<p>Le d\u00e9roulement des s\u00e9ances Nos objectifs Les r\u00e8gles et consignes En d\u00e9but de s\u00e9ance, nous rappelons les r\u00e8gles de s\u00e9curit\u00e9 et les consignes qui sont attendus durant la s\u00e9ance et la saison sportive.\u00a0 Progresser D\u00e9buter par un \u00e9chauffement efficace pour faire chauffer les muscles et \u00e9viter toutes blessures. Prendre le plaisir de grimper sur le mur d&rsquo;escalade en toute s\u00e9curit\u00e9 [&hellip;]<\/p>\n","protected":false},"author":2,"featured_media":0,"parent":0,"menu_order":0,"comment_status":"closed","ping_status":"closed","template":"page-templates\/full-width-container.php","meta":{"footnotes":""},"categories":[49],"tags":[],"class_list":["post-1274","page","type-page","status-publish","hentry","category-sentrainer-au-club"],"aioseo_notices":[],"_links":{"self":[{"href":"https:\/\/lesseigneursdescimes.escalade-normandie.com\/index.php\/wp-json\/wp\/v2\/pages\/1274","targetHints":{"allow":["GET"]}}],"collection":[{"href":"https:\/\/lesseigneursdescimes.escalade-normandie.com\/index.php\/wp-json\/wp\/v2\/pages"}],"about":[{"href":"https:\/\/lesseigneursdescimes.escalade-normandie.com\/index.php\/wp-json\/wp\/v2\/types\/page"}],"author":[{"embeddable":true,"href":"https:\/\/lesseigneursdescimes.escalade-normandie.com\/index.php\/wp-json\/wp\/v2\/users\/2"}],"replies":[{"embeddable":true,"href":"https:\/\/lesseigneursdescimes.escalade-normandie.com\/index.php\/wp-json\/wp\/v2\/comments?post=1274"}],"version-history":[{"count":63,"href":"https:\/\/lesseigneursdescimes.escalade-normandie.com\/index.php\/wp-json\/wp\/v2\/pages\/1274\/revisions"}],"predecessor-version":[{"id":2480,"href":"https:\/\/lesseigneursdescimes.escalade-normandie.com\/index.php\/wp-json\/wp\/v2\/pages\/1274\/revisions\/2480"}],"wp:attachment":[{"href":"https:\/\/lesseigneursdescimes.escalade-normandie.com\/index.php\/wp-json\/wp\/v2\/media?parent=1274"}],"wp:term":[{"taxonomy":"category","embeddable":true,"href":"https:\/\/lesseigneursdescimes.escalade-normandie.com\/index.php\/wp-json\/wp\/v2\/categories?post=1274"},{"taxonomy":"post_tag","embeddable":true,"href":"https:\/\/lesseigneursdescimes.escalade-normandie.com\/index.php\/wp-json\/wp\/v2\/tags?post=1274"}],"curies":[{"name":"wp","href":"https:\/\/api.w.org\/{rel}","templated":true}]}}