{"id":1194,"date":"2023-07-17T09:35:23","date_gmt":"2023-07-17T07:35:23","guid":{"rendered":"https:\/\/lesseigneursdescimes.escalade-normandie.com\/?page_id=1194"},"modified":"2025-02-06T12:40:02","modified_gmt":"2025-02-06T11:40:02","slug":"les-benevoles","status":"publish","type":"page","link":"https:\/\/lesseigneursdescimes.escalade-normandie.com\/index.php\/les-benevoles\/","title":{"rendered":"Les b\u00e9n\u00e9voles"},"content":{"rendered":"\t\t<div data-elementor-type=\"wp-page\" data-elementor-id=\"1194\" class=\"elementor elementor-1194\">\n\t\t\t\t\t\t<section class=\"elementor-section elementor-top-section elementor-element elementor-element-51860c9 elementor-section-boxed elementor-section-height-default elementor-section-height-default\" data-id=\"51860c9\" data-element_type=\"section\">\n\t\t\t\t\t\t<div class=\"elementor-container elementor-column-gap-default\">\n\t\t\t\t\t<div class=\"elementor-column elementor-col-100 elementor-top-column elementor-element elementor-element-578d27f\" data-id=\"578d27f\" data-element_type=\"column\">\n\t\t\t<div class=\"elementor-widget-wrap elementor-element-populated\">\n\t\t\t\t\t\t<div class=\"elementor-element elementor-element-e79d7d0 elementor-widget elementor-widget-heading\" data-id=\"e79d7d0\" data-element_type=\"widget\" data-widget_type=\"heading.default\">\n\t\t\t\t<div class=\"elementor-widget-container\">\n\t\t\t\t\t<h2 class=\"elementor-heading-title elementor-size-large\">Les b\u00e9n\u00e9voles<\/h2>\t\t\t\t<\/div>\n\t\t\t\t<\/div>\n\t\t\t\t\t<\/div>\n\t\t<\/div>\n\t\t\t\t\t<\/div>\n\t\t<\/section>\n\t\t\t\t<section class=\"elementor-section elementor-top-section elementor-element elementor-element-2d1e2d6 elementor-section-boxed elementor-section-height-default elementor-section-height-default\" data-id=\"2d1e2d6\" data-element_type=\"section\">\n\t\t\t\t\t\t<div class=\"elementor-container elementor-column-gap-default\">\n\t\t\t\t\t<div class=\"elementor-column elementor-col-100 elementor-top-column elementor-element elementor-element-aa118bd\" data-id=\"aa118bd\" data-element_type=\"column\">\n\t\t\t<div class=\"elementor-widget-wrap elementor-element-populated\">\n\t\t\t\t\t\t<div class=\"elementor-element elementor-element-0a23b7d elementor-widget elementor-widget-heading\" data-id=\"0a23b7d\" data-element_type=\"widget\" data-widget_type=\"heading.default\">\n\t\t\t\t<div class=\"elementor-widget-container\">\n\t\t\t\t\t<h3 class=\"elementor-heading-title elementor-size-medium\">B\u00e9n\u00e9voles encadrants<\/h3>\t\t\t\t<\/div>\n\t\t\t\t<\/div>\n\t\t\t\t\t<\/div>\n\t\t<\/div>\n\t\t\t\t\t<\/div>\n\t\t<\/section>\n\t\t\t\t<section class=\"elementor-section elementor-top-section elementor-element elementor-element-06fa8b7 elementor-section-boxed elementor-section-height-default elementor-section-height-default\" data-id=\"06fa8b7\" data-element_type=\"section\">\n\t\t\t\t\t\t<div class=\"elementor-container elementor-column-gap-default\">\n\t\t\t\t\t<div class=\"elementor-column elementor-col-25 elementor-top-column elementor-element elementor-element-d406931\" data-id=\"d406931\" data-element_type=\"column\">\n\t\t\t<div class=\"elementor-widget-wrap elementor-element-populated\">\n\t\t\t\t\t\t<div class=\"elementor-element elementor-element-1882a2e elementor-widget elementor-widget-image\" data-id=\"1882a2e\" data-element_type=\"widget\" data-widget_type=\"image.default\">\n\t\t\t\t<div class=\"elementor-widget-container\">\n\t\t\t\t\t\t\t\t\t\t\t\t<figure class=\"wp-caption\">\n\t\t\t\t\t\t\t\t\t\t<img fetchpriority=\"high\" decoding=\"async\" width=\"198\" height=\"300\" src=\"https:\/\/lesseigneursdescimes.escalade-normandie.com\/wp-content\/uploads\/2023\/07\/IMG_0396-198x300.jpg\" class=\"attachment-medium size-medium wp-image-1168\" alt=\"\" srcset=\"https:\/\/lesseigneursdescimes.escalade-normandie.com\/wp-content\/uploads\/2023\/07\/IMG_0396-198x300.jpg 198w, https:\/\/lesseigneursdescimes.escalade-normandie.com\/wp-content\/uploads\/2023\/07\/IMG_0396.jpg 329w\" sizes=\"(max-width: 198px) 100vw, 198px\" \/>\t\t\t\t\t\t\t\t\t\t\t<figcaption class=\"widget-image-caption wp-caption-text\">Quentin EVENO<\/figcaption>\n\t\t\t\t\t\t\t\t\t\t<\/figure>\n\t\t\t\t\t\t\t\t\t<\/div>\n\t\t\t\t<\/div>\n\t\t\t\t\t<\/div>\n\t\t<\/div>\n\t\t\t\t<div class=\"elementor-column elementor-col-25 elementor-top-column elementor-element elementor-element-86de5e2\" data-id=\"86de5e2\" data-element_type=\"column\">\n\t\t\t<div class=\"elementor-widget-wrap elementor-element-populated\">\n\t\t\t\t\t\t<div class=\"elementor-element elementor-element-2768176 elementor-widget elementor-widget-image\" data-id=\"2768176\" data-element_type=\"widget\" data-widget_type=\"image.default\">\n\t\t\t\t<div class=\"elementor-widget-container\">\n\t\t\t\t\t\t\t\t\t\t\t\t<figure class=\"wp-caption\">\n\t\t\t\t\t\t\t\t\t\t<img decoding=\"async\" width=\"169\" height=\"300\" src=\"https:\/\/lesseigneursdescimes.escalade-normandie.com\/wp-content\/uploads\/2025\/02\/IMG_7505-169x300.jpg\" class=\"attachment-medium size-medium wp-image-3038\" alt=\"\" srcset=\"https:\/\/lesseigneursdescimes.escalade-normandie.com\/wp-content\/uploads\/2025\/02\/IMG_7505-169x300.jpg 169w, https:\/\/lesseigneursdescimes.escalade-normandie.com\/wp-content\/uploads\/2025\/02\/IMG_7505-576x1024.jpg 576w, https:\/\/lesseigneursdescimes.escalade-normandie.com\/wp-content\/uploads\/2025\/02\/IMG_7505-768x1365.jpg 768w, https:\/\/lesseigneursdescimes.escalade-normandie.com\/wp-content\/uploads\/2025\/02\/IMG_7505-864x1536.jpg 864w, https:\/\/lesseigneursdescimes.escalade-normandie.com\/wp-content\/uploads\/2025\/02\/IMG_7505.jpg 1008w\" sizes=\"(max-width: 169px) 100vw, 169px\" \/>\t\t\t\t\t\t\t\t\t\t\t<figcaption class=\"widget-image-caption wp-caption-text\">Kelly SENTUNE<\/figcaption>\n\t\t\t\t\t\t\t\t\t\t<\/figure>\n\t\t\t\t\t\t\t\t\t<\/div>\n\t\t\t\t<\/div>\n\t\t\t\t\t<\/div>\n\t\t<\/div>\n\t\t\t\t<div class=\"elementor-column elementor-col-25 elementor-top-column elementor-element elementor-element-541d602\" data-id=\"541d602\" data-element_type=\"column\">\n\t\t\t<div class=\"elementor-widget-wrap elementor-element-populated\">\n\t\t\t\t\t\t<div class=\"elementor-element elementor-element-9350b06 elementor-widget elementor-widget-image\" data-id=\"9350b06\" data-element_type=\"widget\" data-widget_type=\"image.default\">\n\t\t\t\t<div class=\"elementor-widget-container\">\n\t\t\t\t\t\t\t\t\t\t\t\t<figure class=\"wp-caption\">\n\t\t\t\t\t\t\t\t\t\t<img decoding=\"async\" width=\"225\" height=\"300\" src=\"https:\/\/lesseigneursdescimes.escalade-normandie.com\/wp-content\/uploads\/2024\/01\/Thomas-D-2-225x300.jpeg\" class=\"attachment-medium size-medium wp-image-2212\" alt=\"\" srcset=\"https:\/\/lesseigneursdescimes.escalade-normandie.com\/wp-content\/uploads\/2024\/01\/Thomas-D-2-225x300.jpeg 225w, https:\/\/lesseigneursdescimes.escalade-normandie.com\/wp-content\/uploads\/2024\/01\/Thomas-D-2-768x1024.jpeg 768w, https:\/\/lesseigneursdescimes.escalade-normandie.com\/wp-content\/uploads\/2024\/01\/Thomas-D-2-1152x1536.jpeg 1152w, https:\/\/lesseigneursdescimes.escalade-normandie.com\/wp-content\/uploads\/2024\/01\/Thomas-D-2-1536x2048.jpeg 1536w, https:\/\/lesseigneursdescimes.escalade-normandie.com\/wp-content\/uploads\/2024\/01\/Thomas-D-2-scaled.jpeg 1920w\" sizes=\"(max-width: 225px) 100vw, 225px\" \/>\t\t\t\t\t\t\t\t\t\t\t<figcaption class=\"widget-image-caption wp-caption-text\">Thomas DUMOUCHEL<\/figcaption>\n\t\t\t\t\t\t\t\t\t\t<\/figure>\n\t\t\t\t\t\t\t\t\t<\/div>\n\t\t\t\t<\/div>\n\t\t\t\t\t<\/div>\n\t\t<\/div>\n\t\t\t\t<div class=\"elementor-column elementor-col-25 elementor-top-column elementor-element elementor-element-475d47b\" data-id=\"475d47b\" data-element_type=\"column\">\n\t\t\t<div class=\"elementor-widget-wrap\">\n\t\t\t\t\t\t\t<\/div>\n\t\t<\/div>\n\t\t\t\t\t<\/div>\n\t\t<\/section>\n\t\t\t\t<section class=\"elementor-section elementor-top-section elementor-element elementor-element-dd28189 elementor-section-boxed elementor-section-height-default elementor-section-height-default\" data-id=\"dd28189\" data-element_type=\"section\">\n\t\t\t\t\t\t<div class=\"elementor-container elementor-column-gap-default\">\n\t\t\t\t\t<div class=\"elementor-column elementor-col-100 elementor-top-column elementor-element elementor-element-58f8c06\" data-id=\"58f8c06\" data-element_type=\"column\">\n\t\t\t<div class=\"elementor-widget-wrap elementor-element-populated\">\n\t\t\t\t\t\t<div class=\"elementor-element elementor-element-03bbac6 elementor-widget elementor-widget-heading\" data-id=\"03bbac6\" data-element_type=\"widget\" data-widget_type=\"heading.default\">\n\t\t\t\t<div class=\"elementor-widget-container\">\n\t\t\t\t\t<h3 class=\"elementor-heading-title elementor-size-medium\">B\u00e9n\u00e9voles<\/h3>\t\t\t\t<\/div>\n\t\t\t\t<\/div>\n\t\t\t\t\t<\/div>\n\t\t<\/div>\n\t\t\t\t\t<\/div>\n\t\t<\/section>\n\t\t\t\t<section class=\"elementor-section elementor-top-section elementor-element elementor-element-2ed4b0d elementor-section-boxed elementor-section-height-default elementor-section-height-default\" data-id=\"2ed4b0d\" data-element_type=\"section\">\n\t\t\t\t\t\t<div class=\"elementor-container elementor-column-gap-default\">\n\t\t\t\t\t<div class=\"elementor-column elementor-col-25 elementor-top-column elementor-element elementor-element-b62f019\" data-id=\"b62f019\" data-element_type=\"column\">\n\t\t\t<div class=\"elementor-widget-wrap elementor-element-populated\">\n\t\t\t\t\t\t<div class=\"elementor-element elementor-element-cfacea9 elementor-widget elementor-widget-image\" data-id=\"cfacea9\" data-element_type=\"widget\" data-widget_type=\"image.default\">\n\t\t\t\t<div class=\"elementor-widget-container\">\n\t\t\t\t\t\t\t\t\t\t\t\t<figure class=\"wp-caption\">\n\t\t\t\t\t\t\t\t\t\t<img loading=\"lazy\" decoding=\"async\" width=\"225\" height=\"300\" src=\"https:\/\/lesseigneursdescimes.escalade-normandie.com\/wp-content\/uploads\/2023\/09\/IMG_1287-225x300.jpg\" class=\"attachment-medium size-medium wp-image-1896\" alt=\"\" srcset=\"https:\/\/lesseigneursdescimes.escalade-normandie.com\/wp-content\/uploads\/2023\/09\/IMG_1287-225x300.jpg 225w, https:\/\/lesseigneursdescimes.escalade-normandie.com\/wp-content\/uploads\/2023\/09\/IMG_1287-768x1024.jpg 768w, https:\/\/lesseigneursdescimes.escalade-normandie.com\/wp-content\/uploads\/2023\/09\/IMG_1287-1152x1536.jpg 1152w, https:\/\/lesseigneursdescimes.escalade-normandie.com\/wp-content\/uploads\/2023\/09\/IMG_1287-1536x2048.jpg 1536w, https:\/\/lesseigneursdescimes.escalade-normandie.com\/wp-content\/uploads\/2023\/09\/IMG_1287-scaled.jpg 1920w\" sizes=\"(max-width: 225px) 100vw, 225px\" \/>\t\t\t\t\t\t\t\t\t\t\t<figcaption class=\"widget-image-caption wp-caption-text\">Ludovic depuis 2022<\/figcaption>\n\t\t\t\t\t\t\t\t\t\t<\/figure>\n\t\t\t\t\t\t\t\t\t<\/div>\n\t\t\t\t<\/div>\n\t\t\t\t\t<\/div>\n\t\t<\/div>\n\t\t\t\t<div class=\"elementor-column elementor-col-25 elementor-top-column elementor-element elementor-element-5d7ecc5\" data-id=\"5d7ecc5\" data-element_type=\"column\">\n\t\t\t<div class=\"elementor-widget-wrap elementor-element-populated\">\n\t\t\t\t\t\t<div class=\"elementor-element elementor-element-68da3f2 elementor-widget elementor-widget-image\" data-id=\"68da3f2\" data-element_type=\"widget\" data-widget_type=\"image.default\">\n\t\t\t\t<div class=\"elementor-widget-container\">\n\t\t\t\t\t\t\t\t\t\t\t\t<figure class=\"wp-caption\">\n\t\t\t\t\t\t\t\t\t\t<img loading=\"lazy\" decoding=\"async\" width=\"225\" height=\"300\" src=\"https:\/\/lesseigneursdescimes.escalade-normandie.com\/wp-content\/uploads\/2025\/01\/DUNEZ-Sarah-225x300.jpg\" class=\"attachment-medium size-medium wp-image-3016\" alt=\"\" srcset=\"https:\/\/lesseigneursdescimes.escalade-normandie.com\/wp-content\/uploads\/2025\/01\/DUNEZ-Sarah-225x300.jpg 225w, https:\/\/lesseigneursdescimes.escalade-normandie.com\/wp-content\/uploads\/2025\/01\/DUNEZ-Sarah-768x1024.jpg 768w, https:\/\/lesseigneursdescimes.escalade-normandie.com\/wp-content\/uploads\/2025\/01\/DUNEZ-Sarah-1152x1536.jpg 1152w, https:\/\/lesseigneursdescimes.escalade-normandie.com\/wp-content\/uploads\/2025\/01\/DUNEZ-Sarah-1536x2048.jpg 1536w, https:\/\/lesseigneursdescimes.escalade-normandie.com\/wp-content\/uploads\/2025\/01\/DUNEZ-Sarah-scaled.jpg 1920w\" sizes=\"(max-width: 225px) 100vw, 225px\" \/>\t\t\t\t\t\t\t\t\t\t\t<figcaption class=\"widget-image-caption wp-caption-text\">Sarah depuis 2022<\/figcaption>\n\t\t\t\t\t\t\t\t\t\t<\/figure>\n\t\t\t\t\t\t\t\t\t<\/div>\n\t\t\t\t<\/div>\n\t\t\t\t\t<\/div>\n\t\t<\/div>\n\t\t\t\t<div class=\"elementor-column elementor-col-25 elementor-top-column elementor-element elementor-element-9fba717\" data-id=\"9fba717\" data-element_type=\"column\">\n\t\t\t<div class=\"elementor-widget-wrap elementor-element-populated\">\n\t\t\t\t\t\t<div class=\"elementor-element elementor-element-c77dfe1 elementor-widget elementor-widget-image\" data-id=\"c77dfe1\" data-element_type=\"widget\" data-widget_type=\"image.default\">\n\t\t\t\t<div class=\"elementor-widget-container\">\n\t\t\t\t\t\t\t\t\t\t\t\t<figure class=\"wp-caption\">\n\t\t\t\t\t\t\t\t\t\t<img loading=\"lazy\" decoding=\"async\" width=\"252\" height=\"300\" src=\"https:\/\/lesseigneursdescimes.escalade-normandie.com\/wp-content\/uploads\/2023\/07\/Meline-252x300.jpg\" class=\"attachment-medium size-medium wp-image-1374\" alt=\"\" srcset=\"https:\/\/lesseigneursdescimes.escalade-normandie.com\/wp-content\/uploads\/2023\/07\/Meline-252x300.jpg 252w, https:\/\/lesseigneursdescimes.escalade-normandie.com\/wp-content\/uploads\/2023\/07\/Meline-859x1024.jpg 859w, https:\/\/lesseigneursdescimes.escalade-normandie.com\/wp-content\/uploads\/2023\/07\/Meline-768x915.jpg 768w, https:\/\/lesseigneursdescimes.escalade-normandie.com\/wp-content\/uploads\/2023\/07\/Meline.jpg 914w\" sizes=\"(max-width: 252px) 100vw, 252px\" \/>\t\t\t\t\t\t\t\t\t\t\t<figcaption class=\"widget-image-caption wp-caption-text\">M\u00e9line depuis 2022<\/figcaption>\n\t\t\t\t\t\t\t\t\t\t<\/figure>\n\t\t\t\t\t\t\t\t\t<\/div>\n\t\t\t\t<\/div>\n\t\t\t\t\t<\/div>\n\t\t<\/div>\n\t\t\t\t<div class=\"elementor-column elementor-col-25 elementor-top-column elementor-element elementor-element-1534107\" data-id=\"1534107\" data-element_type=\"column\">\n\t\t\t<div class=\"elementor-widget-wrap elementor-element-populated\">\n\t\t\t\t\t\t<div class=\"elementor-element elementor-element-bb73560 elementor-widget elementor-widget-image\" data-id=\"bb73560\" data-element_type=\"widget\" data-widget_type=\"image.default\">\n\t\t\t\t<div class=\"elementor-widget-container\">\n\t\t\t\t\t\t\t\t\t\t\t\t<figure class=\"wp-caption\">\n\t\t\t\t\t\t\t\t\t\t<img loading=\"lazy\" decoding=\"async\" width=\"169\" height=\"300\" src=\"https:\/\/lesseigneursdescimes.escalade-normandie.com\/wp-content\/uploads\/2023\/12\/IMG_2195-169x300.jpg\" class=\"attachment-medium size-medium wp-image-2172\" alt=\"\" srcset=\"https:\/\/lesseigneursdescimes.escalade-normandie.com\/wp-content\/uploads\/2023\/12\/IMG_2195-169x300.jpg 169w, https:\/\/lesseigneursdescimes.escalade-normandie.com\/wp-content\/uploads\/2023\/12\/IMG_2195-576x1024.jpg 576w, https:\/\/lesseigneursdescimes.escalade-normandie.com\/wp-content\/uploads\/2023\/12\/IMG_2195-768x1365.jpg 768w, https:\/\/lesseigneursdescimes.escalade-normandie.com\/wp-content\/uploads\/2023\/12\/IMG_2195-864x1536.jpg 864w, https:\/\/lesseigneursdescimes.escalade-normandie.com\/wp-content\/uploads\/2023\/12\/IMG_2195.jpg 914w\" sizes=\"(max-width: 169px) 100vw, 169px\" \/>\t\t\t\t\t\t\t\t\t\t\t<figcaption class=\"widget-image-caption wp-caption-text\">Emma depuis 2023<\/figcaption>\n\t\t\t\t\t\t\t\t\t\t<\/figure>\n\t\t\t\t\t\t\t\t\t<\/div>\n\t\t\t\t<\/div>\n\t\t\t\t\t<\/div>\n\t\t<\/div>\n\t\t\t\t\t<\/div>\n\t\t<\/section>\n\t\t\t\t<section class=\"elementor-section elementor-top-section elementor-element elementor-element-e3349f4 elementor-section-boxed elementor-section-height-default elementor-section-height-default\" data-id=\"e3349f4\" data-element_type=\"section\">\n\t\t\t\t\t\t<div class=\"elementor-container elementor-column-gap-default\">\n\t\t\t\t\t<div class=\"elementor-column elementor-col-25 elementor-top-column elementor-element elementor-element-0b5a506\" data-id=\"0b5a506\" data-element_type=\"column\">\n\t\t\t<div class=\"elementor-widget-wrap elementor-element-populated\">\n\t\t\t\t\t\t<div class=\"elementor-element elementor-element-319c96c elementor-widget elementor-widget-image\" data-id=\"319c96c\" data-element_type=\"widget\" data-widget_type=\"image.default\">\n\t\t\t\t<div class=\"elementor-widget-container\">\n\t\t\t\t\t\t\t\t\t\t\t\t<figure class=\"wp-caption\">\n\t\t\t\t\t\t\t\t\t\t<img loading=\"lazy\" decoding=\"async\" width=\"225\" height=\"300\" src=\"https:\/\/lesseigneursdescimes.escalade-normandie.com\/wp-content\/uploads\/2023\/07\/aedea713-6514-4036-aff3-9ecea8d85c41-225x300.jpg\" class=\"attachment-medium size-medium wp-image-1586\" alt=\"\" srcset=\"https:\/\/lesseigneursdescimes.escalade-normandie.com\/wp-content\/uploads\/2023\/07\/aedea713-6514-4036-aff3-9ecea8d85c41-225x300.jpg 225w, https:\/\/lesseigneursdescimes.escalade-normandie.com\/wp-content\/uploads\/2023\/07\/aedea713-6514-4036-aff3-9ecea8d85c41-768x1024.jpg 768w, https:\/\/lesseigneursdescimes.escalade-normandie.com\/wp-content\/uploads\/2023\/07\/aedea713-6514-4036-aff3-9ecea8d85c41-1152x1536.jpg 1152w, https:\/\/lesseigneursdescimes.escalade-normandie.com\/wp-content\/uploads\/2023\/07\/aedea713-6514-4036-aff3-9ecea8d85c41.jpg 1200w\" sizes=\"(max-width: 225px) 100vw, 225px\" \/>\t\t\t\t\t\t\t\t\t\t\t<figcaption class=\"widget-image-caption wp-caption-text\">Faustine depuis 2024<\/figcaption>\n\t\t\t\t\t\t\t\t\t\t<\/figure>\n\t\t\t\t\t\t\t\t\t<\/div>\n\t\t\t\t<\/div>\n\t\t\t\t\t<\/div>\n\t\t<\/div>\n\t\t\t\t<div class=\"elementor-column elementor-col-25 elementor-top-column elementor-element elementor-element-6d40a8a\" data-id=\"6d40a8a\" data-element_type=\"column\">\n\t\t\t<div class=\"elementor-widget-wrap elementor-element-populated\">\n\t\t\t\t\t\t<div class=\"elementor-element elementor-element-ed749a6 elementor-widget elementor-widget-image\" data-id=\"ed749a6\" data-element_type=\"widget\" data-widget_type=\"image.default\">\n\t\t\t\t<div class=\"elementor-widget-container\">\n\t\t\t\t\t\t\t\t\t\t\t\t<figure class=\"wp-caption\">\n\t\t\t\t\t\t\t\t\t\t<img loading=\"lazy\" decoding=\"async\" width=\"225\" height=\"300\" src=\"https:\/\/lesseigneursdescimes.escalade-normandie.com\/wp-content\/uploads\/2025\/01\/IMG_6535-225x300.jpg\" class=\"attachment-medium size-medium wp-image-3024\" alt=\"\" srcset=\"https:\/\/lesseigneursdescimes.escalade-normandie.com\/wp-content\/uploads\/2025\/01\/IMG_6535-225x300.jpg 225w, https:\/\/lesseigneursdescimes.escalade-normandie.com\/wp-content\/uploads\/2025\/01\/IMG_6535-768x1024.jpg 768w, https:\/\/lesseigneursdescimes.escalade-normandie.com\/wp-content\/uploads\/2025\/01\/IMG_6535-1152x1536.jpg 1152w, https:\/\/lesseigneursdescimes.escalade-normandie.com\/wp-content\/uploads\/2025\/01\/IMG_6535-1536x2048.jpg 1536w, https:\/\/lesseigneursdescimes.escalade-normandie.com\/wp-content\/uploads\/2025\/01\/IMG_6535-scaled.jpg 1920w\" sizes=\"(max-width: 225px) 100vw, 225px\" \/>\t\t\t\t\t\t\t\t\t\t\t<figcaption class=\"widget-image-caption wp-caption-text\">Jules depuis 2024<\/figcaption>\n\t\t\t\t\t\t\t\t\t\t<\/figure>\n\t\t\t\t\t\t\t\t\t<\/div>\n\t\t\t\t<\/div>\n\t\t\t\t\t<\/div>\n\t\t<\/div>\n\t\t\t\t<div class=\"elementor-column elementor-col-25 elementor-top-column elementor-element elementor-element-9beb093\" data-id=\"9beb093\" data-element_type=\"column\">\n\t\t\t<div class=\"elementor-widget-wrap elementor-element-populated\">\n\t\t\t\t\t\t<div class=\"elementor-element elementor-element-1e5164b elementor-widget elementor-widget-image\" data-id=\"1e5164b\" data-element_type=\"widget\" data-widget_type=\"image.default\">\n\t\t\t\t<div class=\"elementor-widget-container\">\n\t\t\t\t\t\t\t\t\t\t\t\t<figure class=\"wp-caption\">\n\t\t\t\t\t\t\t\t\t\t<img loading=\"lazy\" decoding=\"async\" width=\"225\" height=\"300\" src=\"https:\/\/lesseigneursdescimes.escalade-normandie.com\/wp-content\/uploads\/2025\/02\/IMG_7525-225x300.jpg\" class=\"attachment-medium size-medium wp-image-3045\" alt=\"\" srcset=\"https:\/\/lesseigneursdescimes.escalade-normandie.com\/wp-content\/uploads\/2025\/02\/IMG_7525-225x300.jpg 225w, https:\/\/lesseigneursdescimes.escalade-normandie.com\/wp-content\/uploads\/2025\/02\/IMG_7525-768x1024.jpg 768w, https:\/\/lesseigneursdescimes.escalade-normandie.com\/wp-content\/uploads\/2025\/02\/IMG_7525-1152x1536.jpg 1152w, https:\/\/lesseigneursdescimes.escalade-normandie.com\/wp-content\/uploads\/2025\/02\/IMG_7525-1536x2048.jpg 1536w, https:\/\/lesseigneursdescimes.escalade-normandie.com\/wp-content\/uploads\/2025\/02\/IMG_7525-scaled.jpg 1920w\" sizes=\"(max-width: 225px) 100vw, 225px\" \/>\t\t\t\t\t\t\t\t\t\t\t<figcaption class=\"widget-image-caption wp-caption-text\">Coline depuis 2024<\/figcaption>\n\t\t\t\t\t\t\t\t\t\t<\/figure>\n\t\t\t\t\t\t\t\t\t<\/div>\n\t\t\t\t<\/div>\n\t\t\t\t\t<\/div>\n\t\t<\/div>\n\t\t\t\t<div class=\"elementor-column elementor-col-25 elementor-top-column elementor-element elementor-element-1a3fa0a\" data-id=\"1a3fa0a\" data-element_type=\"column\">\n\t\t\t<div class=\"elementor-widget-wrap elementor-element-populated\">\n\t\t\t\t\t\t<div class=\"elementor-element elementor-element-a2aa1ab elementor-widget elementor-widget-image\" data-id=\"a2aa1ab\" data-element_type=\"widget\" data-widget_type=\"image.default\">\n\t\t\t\t<div class=\"elementor-widget-container\">\n\t\t\t\t\t\t\t\t\t\t\t\t<figure class=\"wp-caption\">\n\t\t\t\t\t\t\t\t\t\t<img loading=\"lazy\" decoding=\"async\" width=\"225\" height=\"300\" src=\"https:\/\/lesseigneursdescimes.escalade-normandie.com\/wp-content\/uploads\/2025\/01\/IMG_6536-225x300.jpg\" class=\"attachment-medium size-medium wp-image-3025\" alt=\"\" srcset=\"https:\/\/lesseigneursdescimes.escalade-normandie.com\/wp-content\/uploads\/2025\/01\/IMG_6536-225x300.jpg 225w, https:\/\/lesseigneursdescimes.escalade-normandie.com\/wp-content\/uploads\/2025\/01\/IMG_6536-768x1024.jpg 768w, https:\/\/lesseigneursdescimes.escalade-normandie.com\/wp-content\/uploads\/2025\/01\/IMG_6536-1152x1536.jpg 1152w, https:\/\/lesseigneursdescimes.escalade-normandie.com\/wp-content\/uploads\/2025\/01\/IMG_6536-1536x2048.jpg 1536w, https:\/\/lesseigneursdescimes.escalade-normandie.com\/wp-content\/uploads\/2025\/01\/IMG_6536-scaled.jpg 1920w\" sizes=\"(max-width: 225px) 100vw, 225px\" \/>\t\t\t\t\t\t\t\t\t\t\t<figcaption class=\"widget-image-caption wp-caption-text\">Nora depuis 2024<\/figcaption>\n\t\t\t\t\t\t\t\t\t\t<\/figure>\n\t\t\t\t\t\t\t\t\t<\/div>\n\t\t\t\t<\/div>\n\t\t\t\t\t<\/div>\n\t\t<\/div>\n\t\t\t\t\t<\/div>\n\t\t<\/section>\n\t\t\t\t<section class=\"elementor-section elementor-top-section elementor-element elementor-element-141a99e elementor-section-boxed elementor-section-height-default elementor-section-height-default\" data-id=\"141a99e\" data-element_type=\"section\">\n\t\t\t\t\t\t<div class=\"elementor-container elementor-column-gap-default\">\n\t\t\t\t\t<div class=\"elementor-column elementor-col-25 elementor-top-column elementor-element elementor-element-e0d14b2\" data-id=\"e0d14b2\" data-element_type=\"column\">\n\t\t\t<div class=\"elementor-widget-wrap elementor-element-populated\">\n\t\t\t\t\t\t<div class=\"elementor-element elementor-element-cb1b198 elementor-widget elementor-widget-image\" data-id=\"cb1b198\" data-element_type=\"widget\" data-widget_type=\"image.default\">\n\t\t\t\t<div class=\"elementor-widget-container\">\n\t\t\t\t\t\t\t\t\t\t\t\t<figure class=\"wp-caption\">\n\t\t\t\t\t\t\t\t\t\t<img loading=\"lazy\" decoding=\"async\" width=\"225\" height=\"300\" src=\"https:\/\/lesseigneursdescimes.escalade-normandie.com\/wp-content\/uploads\/2025\/01\/IMG_6534-225x300.jpg\" class=\"attachment-medium size-medium wp-image-3026\" alt=\"\" srcset=\"https:\/\/lesseigneursdescimes.escalade-normandie.com\/wp-content\/uploads\/2025\/01\/IMG_6534-225x300.jpg 225w, https:\/\/lesseigneursdescimes.escalade-normandie.com\/wp-content\/uploads\/2025\/01\/IMG_6534-768x1024.jpg 768w, https:\/\/lesseigneursdescimes.escalade-normandie.com\/wp-content\/uploads\/2025\/01\/IMG_6534-1152x1536.jpg 1152w, https:\/\/lesseigneursdescimes.escalade-normandie.com\/wp-content\/uploads\/2025\/01\/IMG_6534-1536x2048.jpg 1536w, https:\/\/lesseigneursdescimes.escalade-normandie.com\/wp-content\/uploads\/2025\/01\/IMG_6534-scaled.jpg 1920w\" sizes=\"(max-width: 225px) 100vw, 225px\" \/>\t\t\t\t\t\t\t\t\t\t\t<figcaption class=\"widget-image-caption wp-caption-text\">\u00c9l\u00e9na depuis 2024<\/figcaption>\n\t\t\t\t\t\t\t\t\t\t<\/figure>\n\t\t\t\t\t\t\t\t\t<\/div>\n\t\t\t\t<\/div>\n\t\t\t\t\t<\/div>\n\t\t<\/div>\n\t\t\t\t<div class=\"elementor-column elementor-col-25 elementor-top-column elementor-element elementor-element-4a46fd4\" data-id=\"4a46fd4\" data-element_type=\"column\">\n\t\t\t<div class=\"elementor-widget-wrap\">\n\t\t\t\t\t\t\t<\/div>\n\t\t<\/div>\n\t\t\t\t<div class=\"elementor-column elementor-col-25 elementor-top-column elementor-element elementor-element-b6232af\" data-id=\"b6232af\" data-element_type=\"column\">\n\t\t\t<div class=\"elementor-widget-wrap\">\n\t\t\t\t\t\t\t<\/div>\n\t\t<\/div>\n\t\t\t\t<div class=\"elementor-column elementor-col-25 elementor-top-column elementor-element elementor-element-5d9985d\" data-id=\"5d9985d\" data-element_type=\"column\">\n\t\t\t<div class=\"elementor-widget-wrap\">\n\t\t\t\t\t\t\t<\/div>\n\t\t<\/div>\n\t\t\t\t\t<\/div>\n\t\t<\/section>\n\t\t\t\t<\/div>\n\t\t","protected":false},"excerpt":{"rendered":"<p>Les b\u00e9n\u00e9voles B\u00e9n\u00e9voles encadrants Quentin EVENO Kelly SENTUNE Thomas DUMOUCHEL B\u00e9n\u00e9voles Ludovic depuis 2022 Sarah depuis 2022 M\u00e9line depuis 2022 Emma depuis 2023 Faustine depuis 2024 Jules depuis 2024 Coline depuis 2024 Nora depuis 2024 \u00c9l\u00e9na depuis 2024<\/p>\n","protected":false},"author":2,"featured_media":0,"parent":0,"menu_order":0,"comment_status":"closed","ping_status":"closed","template":"page-templates\/full-width-container.php","meta":{"footnotes":""},"categories":[],"tags":[],"class_list":["post-1194","page","type-page","status-publish","hentry"],"aioseo_notices":[],"_links":{"self":[{"href":"https:\/\/lesseigneursdescimes.escalade-normandie.com\/index.php\/wp-json\/wp\/v2\/pages\/1194","targetHints":{"allow":["GET"]}}],"collection":[{"href":"https:\/\/lesseigneursdescimes.escalade-normandie.com\/index.php\/wp-json\/wp\/v2\/pages"}],"about":[{"href":"https:\/\/lesseigneursdescimes.escalade-normandie.com\/index.php\/wp-json\/wp\/v2\/types\/page"}],"author":[{"embeddable":true,"href":"https:\/\/lesseigneursdescimes.escalade-normandie.com\/index.php\/wp-json\/wp\/v2\/users\/2"}],"replies":[{"embeddable":true,"href":"https:\/\/lesseigneursdescimes.escalade-normandie.com\/index.php\/wp-json\/wp\/v2\/comments?post=1194"}],"version-history":[{"count":57,"href":"https:\/\/lesseigneursdescimes.escalade-normandie.com\/index.php\/wp-json\/wp\/v2\/pages\/1194\/revisions"}],"predecessor-version":[{"id":3048,"href":"https:\/\/lesseigneursdescimes.escalade-normandie.com\/index.php\/wp-json\/wp\/v2\/pages\/1194\/revisions\/3048"}],"wp:attachment":[{"href":"https:\/\/lesseigneursdescimes.escalade-normandie.com\/index.php\/wp-json\/wp\/v2\/media?parent=1194"}],"wp:term":[{"taxonomy":"category","embeddable":true,"href":"https:\/\/lesseigneursdescimes.escalade-normandie.com\/index.php\/wp-json\/wp\/v2\/categories?post=1194"},{"taxonomy":"post_tag","embeddable":true,"href":"https:\/\/lesseigneursdescimes.escalade-normandie.com\/index.php\/wp-json\/wp\/v2\/tags?post=1194"}],"curies":[{"name":"wp","href":"https:\/\/api.w.org\/{rel}","templated":true}]}}