{"id":1142,"date":"2023-07-16T22:42:45","date_gmt":"2023-07-16T20:42:45","guid":{"rendered":"https:\/\/lesseigneursdescimes.escalade-normandie.com\/?page_id=1142"},"modified":"2025-02-01T16:48:44","modified_gmt":"2025-02-01T15:48:44","slug":"presentation-des-membres-du-bureau-et-benevoles","status":"publish","type":"page","link":"https:\/\/lesseigneursdescimes.escalade-normandie.com\/index.php\/presentation-des-membres-du-bureau-et-benevoles\/","title":{"rendered":"Les membres du bureau"},"content":{"rendered":"\t\t<div data-elementor-type=\"wp-page\" data-elementor-id=\"1142\" class=\"elementor elementor-1142\">\n\t\t\t\t\t\t<section class=\"elementor-section elementor-top-section elementor-element elementor-element-ceb583f elementor-section-boxed elementor-section-height-default elementor-section-height-default\" data-id=\"ceb583f\" data-element_type=\"section\">\n\t\t\t\t\t\t<div class=\"elementor-container elementor-column-gap-default\">\n\t\t\t\t\t<div class=\"elementor-column elementor-col-100 elementor-top-column elementor-element elementor-element-f471b7f\" data-id=\"f471b7f\" data-element_type=\"column\">\n\t\t\t<div class=\"elementor-widget-wrap elementor-element-populated\">\n\t\t\t\t\t\t<div class=\"elementor-element elementor-element-abbf9c1 elementor-widget elementor-widget-heading\" data-id=\"abbf9c1\" data-element_type=\"widget\" data-widget_type=\"heading.default\">\n\t\t\t\t<div class=\"elementor-widget-container\">\n\t\t\t\t\t<h2 class=\"elementor-heading-title elementor-size-large\">Les membres du bureau<\/h2>\t\t\t\t<\/div>\n\t\t\t\t<\/div>\n\t\t\t\t\t<\/div>\n\t\t<\/div>\n\t\t\t\t\t<\/div>\n\t\t<\/section>\n\t\t\t\t<section class=\"elementor-section elementor-top-section elementor-element elementor-element-c03e2e3 elementor-section-boxed elementor-section-height-default elementor-section-height-default\" data-id=\"c03e2e3\" data-element_type=\"section\">\n\t\t\t\t\t\t<div class=\"elementor-container elementor-column-gap-default\">\n\t\t\t\t\t<div class=\"elementor-column elementor-col-25 elementor-top-column elementor-element elementor-element-fe01d88\" data-id=\"fe01d88\" data-element_type=\"column\">\n\t\t\t<div class=\"elementor-widget-wrap elementor-element-populated\">\n\t\t\t\t\t\t<div class=\"elementor-element elementor-element-7d60d88 elementor-widget elementor-widget-heading\" data-id=\"7d60d88\" data-element_type=\"widget\" data-widget_type=\"heading.default\">\n\t\t\t\t<div class=\"elementor-widget-container\">\n\t\t\t\t\t<h2 class=\"elementor-heading-title elementor-size-default\">Pr\u00e9sidente<\/h2>\t\t\t\t<\/div>\n\t\t\t\t<\/div>\n\t\t\t\t<div class=\"elementor-element elementor-element-4db3e5a elementor-widget elementor-widget-image\" data-id=\"4db3e5a\" data-element_type=\"widget\" data-widget_type=\"image.default\">\n\t\t\t\t<div class=\"elementor-widget-container\">\n\t\t\t\t\t\t\t\t\t\t\t\t<figure class=\"wp-caption\">\n\t\t\t\t\t\t\t\t\t\t<img fetchpriority=\"high\" decoding=\"async\" width=\"169\" height=\"300\" src=\"https:\/\/lesseigneursdescimes.escalade-normandie.com\/wp-content\/uploads\/2025\/02\/IMG_7505-169x300.jpg\" class=\"attachment-medium size-medium wp-image-3038\" alt=\"\" srcset=\"https:\/\/lesseigneursdescimes.escalade-normandie.com\/wp-content\/uploads\/2025\/02\/IMG_7505-169x300.jpg 169w, https:\/\/lesseigneursdescimes.escalade-normandie.com\/wp-content\/uploads\/2025\/02\/IMG_7505-576x1024.jpg 576w, https:\/\/lesseigneursdescimes.escalade-normandie.com\/wp-content\/uploads\/2025\/02\/IMG_7505-768x1365.jpg 768w, https:\/\/lesseigneursdescimes.escalade-normandie.com\/wp-content\/uploads\/2025\/02\/IMG_7505-864x1536.jpg 864w, https:\/\/lesseigneursdescimes.escalade-normandie.com\/wp-content\/uploads\/2025\/02\/IMG_7505.jpg 1008w\" sizes=\"(max-width: 169px) 100vw, 169px\" \/>\t\t\t\t\t\t\t\t\t\t\t<figcaption class=\"widget-image-caption wp-caption-text\">Kelly SENTUNE<\/figcaption>\n\t\t\t\t\t\t\t\t\t\t<\/figure>\n\t\t\t\t\t\t\t\t\t<\/div>\n\t\t\t\t<\/div>\n\t\t\t\t\t<\/div>\n\t\t<\/div>\n\t\t\t\t<div class=\"elementor-column elementor-col-25 elementor-top-column elementor-element elementor-element-20cdcb9\" data-id=\"20cdcb9\" data-element_type=\"column\">\n\t\t\t<div class=\"elementor-widget-wrap elementor-element-populated\">\n\t\t\t\t\t\t<div class=\"elementor-element elementor-element-2a86eae elementor-widget elementor-widget-heading\" data-id=\"2a86eae\" data-element_type=\"widget\" data-widget_type=\"heading.default\">\n\t\t\t\t<div class=\"elementor-widget-container\">\n\t\t\t\t\t<h2 class=\"elementor-heading-title elementor-size-default\">Tr\u00e9sorier<\/h2>\t\t\t\t<\/div>\n\t\t\t\t<\/div>\n\t\t\t\t<div class=\"elementor-element elementor-element-90c09db elementor-widget-tablet__width-initial elementor-widget elementor-widget-image\" data-id=\"90c09db\" data-element_type=\"widget\" data-widget_type=\"image.default\">\n\t\t\t\t<div class=\"elementor-widget-container\">\n\t\t\t\t\t\t\t\t\t\t\t\t<figure class=\"wp-caption\">\n\t\t\t\t\t\t\t\t\t\t<img decoding=\"async\" width=\"225\" height=\"300\" src=\"https:\/\/lesseigneursdescimes.escalade-normandie.com\/wp-content\/uploads\/2024\/01\/Thomas-D-2-225x300.jpeg\" class=\"attachment-medium size-medium wp-image-2212\" alt=\"\" srcset=\"https:\/\/lesseigneursdescimes.escalade-normandie.com\/wp-content\/uploads\/2024\/01\/Thomas-D-2-225x300.jpeg 225w, https:\/\/lesseigneursdescimes.escalade-normandie.com\/wp-content\/uploads\/2024\/01\/Thomas-D-2-768x1024.jpeg 768w, https:\/\/lesseigneursdescimes.escalade-normandie.com\/wp-content\/uploads\/2024\/01\/Thomas-D-2-1152x1536.jpeg 1152w, https:\/\/lesseigneursdescimes.escalade-normandie.com\/wp-content\/uploads\/2024\/01\/Thomas-D-2-1536x2048.jpeg 1536w, https:\/\/lesseigneursdescimes.escalade-normandie.com\/wp-content\/uploads\/2024\/01\/Thomas-D-2-scaled.jpeg 1920w\" sizes=\"(max-width: 225px) 100vw, 225px\" \/>\t\t\t\t\t\t\t\t\t\t\t<figcaption class=\"widget-image-caption wp-caption-text\">Thomas DUMOUCHEL<\/figcaption>\n\t\t\t\t\t\t\t\t\t\t<\/figure>\n\t\t\t\t\t\t\t\t\t<\/div>\n\t\t\t\t<\/div>\n\t\t\t\t\t<\/div>\n\t\t<\/div>\n\t\t\t\t<div class=\"elementor-column elementor-col-25 elementor-top-column elementor-element elementor-element-7767bb4\" data-id=\"7767bb4\" data-element_type=\"column\">\n\t\t\t<div class=\"elementor-widget-wrap elementor-element-populated\">\n\t\t\t\t\t\t<div class=\"elementor-element elementor-element-084c05d elementor-widget elementor-widget-heading\" data-id=\"084c05d\" data-element_type=\"widget\" data-widget_type=\"heading.default\">\n\t\t\t\t<div class=\"elementor-widget-container\">\n\t\t\t\t\t<h2 class=\"elementor-heading-title elementor-size-default\">Secr\u00e9taire<\/h2>\t\t\t\t<\/div>\n\t\t\t\t<\/div>\n\t\t\t\t<div class=\"elementor-element elementor-element-28e1ba3 elementor-widget elementor-widget-image\" data-id=\"28e1ba3\" data-element_type=\"widget\" data-widget_type=\"image.default\">\n\t\t\t\t<div class=\"elementor-widget-container\">\n\t\t\t\t\t\t\t\t\t\t\t\t<figure class=\"wp-caption\">\n\t\t\t\t\t\t\t\t\t\t<img decoding=\"async\" width=\"198\" height=\"300\" src=\"https:\/\/lesseigneursdescimes.escalade-normandie.com\/wp-content\/uploads\/2023\/07\/IMG_0396-198x300.jpg\" class=\"attachment-medium size-medium wp-image-1168\" alt=\"\" srcset=\"https:\/\/lesseigneursdescimes.escalade-normandie.com\/wp-content\/uploads\/2023\/07\/IMG_0396-198x300.jpg 198w, https:\/\/lesseigneursdescimes.escalade-normandie.com\/wp-content\/uploads\/2023\/07\/IMG_0396.jpg 329w\" sizes=\"(max-width: 198px) 100vw, 198px\" \/>\t\t\t\t\t\t\t\t\t\t\t<figcaption class=\"widget-image-caption wp-caption-text\">Quentin EVENO<\/figcaption>\n\t\t\t\t\t\t\t\t\t\t<\/figure>\n\t\t\t\t\t\t\t\t\t<\/div>\n\t\t\t\t<\/div>\n\t\t\t\t\t<\/div>\n\t\t<\/div>\n\t\t\t\t<div class=\"elementor-column elementor-col-25 elementor-top-column elementor-element elementor-element-e4ccc75\" data-id=\"e4ccc75\" data-element_type=\"column\">\n\t\t\t<div class=\"elementor-widget-wrap elementor-element-populated\">\n\t\t\t\t\t\t<div class=\"elementor-element elementor-element-c8d34fa elementor-widget elementor-widget-heading\" data-id=\"c8d34fa\" data-element_type=\"widget\" data-widget_type=\"heading.default\">\n\t\t\t\t<div class=\"elementor-widget-container\">\n\t\t\t\t\t<h2 class=\"elementor-heading-title elementor-size-default\">Charg\u00e9e de communication<\/h2>\t\t\t\t<\/div>\n\t\t\t\t<\/div>\n\t\t\t\t<div class=\"elementor-element elementor-element-8e76b2f elementor-widget elementor-widget-image\" data-id=\"8e76b2f\" data-element_type=\"widget\" data-widget_type=\"image.default\">\n\t\t\t\t<div class=\"elementor-widget-container\">\n\t\t\t\t\t\t\t\t\t\t\t\t<figure class=\"wp-caption\">\n\t\t\t\t\t\t\t\t\t\t<img loading=\"lazy\" decoding=\"async\" width=\"225\" height=\"300\" src=\"https:\/\/lesseigneursdescimes.escalade-normandie.com\/wp-content\/uploads\/2025\/01\/DUNEZ-Sarah-225x300.jpg\" class=\"attachment-medium size-medium wp-image-3016\" alt=\"\" srcset=\"https:\/\/lesseigneursdescimes.escalade-normandie.com\/wp-content\/uploads\/2025\/01\/DUNEZ-Sarah-225x300.jpg 225w, https:\/\/lesseigneursdescimes.escalade-normandie.com\/wp-content\/uploads\/2025\/01\/DUNEZ-Sarah-768x1024.jpg 768w, https:\/\/lesseigneursdescimes.escalade-normandie.com\/wp-content\/uploads\/2025\/01\/DUNEZ-Sarah-1152x1536.jpg 1152w, https:\/\/lesseigneursdescimes.escalade-normandie.com\/wp-content\/uploads\/2025\/01\/DUNEZ-Sarah-1536x2048.jpg 1536w, https:\/\/lesseigneursdescimes.escalade-normandie.com\/wp-content\/uploads\/2025\/01\/DUNEZ-Sarah-scaled.jpg 1920w\" sizes=\"(max-width: 225px) 100vw, 225px\" \/>\t\t\t\t\t\t\t\t\t\t\t<figcaption class=\"widget-image-caption wp-caption-text\">Sarah DUNEZ<\/figcaption>\n\t\t\t\t\t\t\t\t\t\t<\/figure>\n\t\t\t\t\t\t\t\t\t<\/div>\n\t\t\t\t<\/div>\n\t\t\t\t\t<\/div>\n\t\t<\/div>\n\t\t\t\t\t<\/div>\n\t\t<\/section>\n\t\t\t\t<section class=\"elementor-section elementor-top-section elementor-element elementor-element-ca8749c elementor-section-boxed elementor-section-height-default elementor-section-height-default\" data-id=\"ca8749c\" data-element_type=\"section\">\n\t\t\t\t\t\t<div class=\"elementor-container elementor-column-gap-default\">\n\t\t\t\t\t<div class=\"elementor-column elementor-col-100 elementor-top-column elementor-element elementor-element-6efe833\" data-id=\"6efe833\" data-element_type=\"column\">\n\t\t\t<div class=\"elementor-widget-wrap\">\n\t\t\t\t\t\t\t<\/div>\n\t\t<\/div>\n\t\t\t\t\t<\/div>\n\t\t<\/section>\n\t\t\t\t<\/div>\n\t\t","protected":false},"excerpt":{"rendered":"<p>Les membres du bureau Pr\u00e9sidente Kelly SENTUNE Tr\u00e9sorier Thomas DUMOUCHEL Secr\u00e9taire Quentin EVENO Charg\u00e9e de communication Sarah DUNEZ<\/p>\n","protected":false},"author":2,"featured_media":0,"parent":0,"menu_order":0,"comment_status":"closed","ping_status":"closed","template":"page-templates\/full-width-container.php","meta":{"footnotes":""},"categories":[],"tags":[],"class_list":["post-1142","page","type-page","status-publish","hentry"],"aioseo_notices":[],"_links":{"self":[{"href":"https:\/\/lesseigneursdescimes.escalade-normandie.com\/index.php\/wp-json\/wp\/v2\/pages\/1142","targetHints":{"allow":["GET"]}}],"collection":[{"href":"https:\/\/lesseigneursdescimes.escalade-normandie.com\/index.php\/wp-json\/wp\/v2\/pages"}],"about":[{"href":"https:\/\/lesseigneursdescimes.escalade-normandie.com\/index.php\/wp-json\/wp\/v2\/types\/page"}],"author":[{"embeddable":true,"href":"https:\/\/lesseigneursdescimes.escalade-normandie.com\/index.php\/wp-json\/wp\/v2\/users\/2"}],"replies":[{"embeddable":true,"href":"https:\/\/lesseigneursdescimes.escalade-normandie.com\/index.php\/wp-json\/wp\/v2\/comments?post=1142"}],"version-history":[{"count":61,"href":"https:\/\/lesseigneursdescimes.escalade-normandie.com\/index.php\/wp-json\/wp\/v2\/pages\/1142\/revisions"}],"predecessor-version":[{"id":3041,"href":"https:\/\/lesseigneursdescimes.escalade-normandie.com\/index.php\/wp-json\/wp\/v2\/pages\/1142\/revisions\/3041"}],"wp:attachment":[{"href":"https:\/\/lesseigneursdescimes.escalade-normandie.com\/index.php\/wp-json\/wp\/v2\/media?parent=1142"}],"wp:term":[{"taxonomy":"category","embeddable":true,"href":"https:\/\/lesseigneursdescimes.escalade-normandie.com\/index.php\/wp-json\/wp\/v2\/categories?post=1142"},{"taxonomy":"post_tag","embeddable":true,"href":"https:\/\/lesseigneursdescimes.escalade-normandie.com\/index.php\/wp-json\/wp\/v2\/tags?post=1142"}],"curies":[{"name":"wp","href":"https:\/\/api.w.org\/{rel}","templated":true}]}}